{"id":1159,"date":"2021-01-13T18:35:43","date_gmt":"2021-01-13T18:35:43","guid":{"rendered":"https:\/\/franzderkaiser.com\/ueber-uns"},"modified":"2021-04-17T23:29:49","modified_gmt":"2021-04-17T23:29:49","slug":"ueber-uns","status":"publish","type":"page","link":"https:\/\/franzderkaiser.com\/de\/ueber-uns\/","title":{"rendered":"\u00dcber uns"},"content":{"rendered":"\n\t<section class=\"section\" id=\"section_903821507\">\n\t\t<div class=\"bg section-bg fill bg-fill  \" >\n\n\t\t\t\n\t\t\t\n\t\t\t\n\n\t\t<\/div>\n\n\t\t<div class=\"section-content relative\">\n\t\t\t\n\n\t<div id=\"gap-71673607\" class=\"gap-element clearfix\" style=\"display:block; height:auto;\">\n\t\t\n<style>\n#gap-71673607 {\n  padding-top: 30px;\n}\n<\/style>\n\t<\/div>\n\t\n\n\n\t\t<\/div>\n\n\t\t\n<style>\n#section_903821507 {\n  padding-top: 30px;\n  padding-bottom: 30px;\n  min-height: 400px;\n}\n#section_903821507 .section-bg.bg-loaded {\n  background-image: url(https:\/\/franzderkaiser.com\/wp-content\/uploads\/2020\/12\/IMG_2948-scaled-e1607116138582.jpg);\n}\n<\/style>\n\t<\/section>\n\t\n\t<section class=\"section\" id=\"section_608728516\">\n\t\t<div class=\"bg section-bg fill bg-fill  bg-loaded\" >\n\n\t\t\t\n\t\t\t\n\t\t\t\n\n\t\t<\/div>\n\n\t\t<div class=\"section-content relative\">\n\t\t\t\n\n<div class=\"row\"  id=\"row-1744832131\">\n\n\n\t<div id=\"col-712785147\" class=\"col medium-8 small-12 large-7\"  >\n\t\t<div class=\"col-inner\" style=\"background-color:rgb(255, 255, 255);\" >\n\t\t\t\n\t\t\t\n\n<h2><span style=\"font-family: franklin-gothic-atf, sans-serif; font-size: 105%;\">FDK: Franz Der Kaiser<br><\/span><\/h2>\n<p><span style=\"font-family: franklin-gothic-atf, sans-serif;\">Inspiriert von Europa: Von den Stra\u00dfen Wiens \u00fcber die raue Alpenlandschaft bis hin zur alten Welt von Prag und den sch\u00f6nen K\u00fcsten von Triest ist unsere Marke stolz darauf, ein erstklassiges Sortiment an Lifestyle-Accessoires zu entwerfen und herzustellen. Die gesamte Produktpalette und der Mittelpunkt unserer Markengeschichte basiert darauf, das was wir tun, auf Leidenschaft beruht Von unseren pers\u00f6nlichen Accessoires bis hin zu unseren Home &amp; Barware &#8211; Kollektionen &#8211; lassen wir uns von den feinen Noten von Kunst, Kultur und klassischem Design inspirieren &#8211; die das reiche Erbe, die vielf\u00e4ltigen Traditionen und die vielf\u00e4ltige Kultur der europ\u00e4ischen Erfahrung zelebrieren.<\/span><\/p>\n\t<div id=\"gap-1954427812\" class=\"gap-element clearfix\" style=\"display:block; height:auto;\">\n\t\t\n<style>\n#gap-1954427812 {\n  padding-top: 10px;\n}\n<\/style>\n\t<\/div>\n\t\n\n<a rel=\"#story\" href=\"https:\/\/franzderkaiser.com\/de\/produkt-kategorie\/all-accessories-de?lang=de\" target=\"_self\" class=\"button white lowercase\"  >\n    <span>Erkunde mehr<\/span>\n  <i class=\"icon-angle-down\" ><\/i><\/a>\n\n\n\n\t\t<\/div>\n\t\t\n<style>\n#col-712785147 > .col-inner {\n  margin: -100px 1px -40px 0px;\n}\n<\/style>\n\t<\/div>\n\n\t\n\n\n<style>\n#row-1744832131 > .col > .col-inner {\n  padding: 30px 40px 0px 60px;\n}\n<\/style>\n<\/div>\n\n\t\t<\/div>\n\n\t\t\n<style>\n#section_608728516 {\n  padding-top: 0px;\n  padding-bottom: 0px;\n}\n<\/style>\n\t<\/section>\n\t\n<div class=\"row align-middle\"  id=\"row-2085208885\">\n\n\n\t<div id=\"col-1685793214\" class=\"col medium-6 small-12 large-6\"  >\n\t\t<div class=\"col-inner\"  >\n\t\t\t\n\t\t\t\n\n\t<section class=\"section\" id=\"section_352096915\">\n\t\t<div class=\"bg section-bg fill bg-fill  bg-loaded\" >\n\n\t\t\t\n\t\t\t\n\t\t\t\n\n\t\t<\/div>\n\n\t\t<div class=\"section-content relative\">\n\t\t\t\n\n<div class=\"row row-collapse\"  id=\"row-445168106\">\n\n\n\t<div id=\"col-1510963378\" class=\"col small-12 large-12\"  >\n\t\t<div class=\"col-inner\"  >\n\t\t\t\n\t\t\t\n\n\n  <div class=\"banner has-hover\" id=\"banner-1044796015\">\n          <div class=\"banner-inner fill\">\n        <div class=\"banner-bg fill\" >\n            <div class=\"bg fill bg-fill \"><\/div>\n                                    \n                    <\/div>\n        <div class=\"banner-layers container\">\n            <div class=\"fill banner-link\"><\/div>            \n\n   <div id=\"text-box-1749871367\" class=\"text-box banner-layer x50 md-x50 lg-x50 y50 md-y50 lg-y50 res-text\">\n                                <div class=\"text dark\">\n              \n              <div class=\"text-inner text-center\">\n                  \n\n\n              <\/div>\n           <\/div>\n                            \n<style>\n#text-box-1749871367 {\n  width: 60%;\n}\n#text-box-1749871367 .text {\n  font-size: 100%;\n}\n@media (min-width:550px) {\n  #text-box-1749871367 {\n    width: 60%;\n  }\n}\n<\/style>\n    <\/div>\n \n\n        <\/div>\n      <\/div>\n\n            \n<style>\n#banner-1044796015 {\n  padding-top: 99.99%;\n}\n#banner-1044796015 .bg.bg-loaded {\n  background-image: url(https:\/\/i0.wp.com\/franzderkaiser.com\/wp-content\/uploads\/2020\/12\/DSC_0316-scaled-e1607116360128.jpg?fit=946%2C1024&ssl=1);\n}\n<\/style>\n  <\/div>\n\n\n\n\t\t<\/div>\n\t\t\n<style>\n#col-1510963378 > .col-inner {\n  margin: 0px 0px 0px -15px;\n}\n<\/style>\n\t<\/div>\n\n\t\n\n<\/div>\n\n\t\t<\/div>\n\n\t\t\n<style>\n#section_352096915 {\n  padding-top: 30px;\n  padding-bottom: 30px;\n}\n<\/style>\n\t<\/section>\n\t\n\n\t\t<\/div>\n\t\t\n<style>\n#col-1685793214 > .col-inner {\n  margin: 0px 0px 0px 50px;\n}\n<\/style>\n\t<\/div>\n\n\t\n\n\t<div id=\"col-1797266276\" class=\"col medium-6 small-12 large-6\"  >\n\t\t<div class=\"col-inner\"  >\n\t\t\t\n\t\t\t\n\n<h2><span style=\"font-family: franklin-gothic-atf, sans-serif; font-size: 105%;\">Unsere Marke und Produkte:<\/span><\/h2>\n<p><span style=\"font-family: franklin-gothic-atf, sans-serif; font-size: 105%;\">Entworfen und mit Sitz in Wien, werden unsere Produkte von Wiener Designern bezogen und produziert, unterst\u00fctzt von weltweiten Talenten Wir arbeiten mit einer globalen Lieferkette von Handwerkern und unterst\u00fctzenden Partnern von den \u00f6sterreichischen Alpen \u00fcber die sanften H\u00fcgel der Toskana bis zu den schottischen Highlands und dar\u00fcber hinaus zusammen.<\/span><\/p>\n<a href=\"mailto:%20office@franzderkaiser.com\" target=\"_self\" class=\"button primary is-underline lowercase\"  >\n    <span>Produktanfragen<\/span>\n  <\/a>\n\n\n\n\t\t<\/div>\n\t\t\n<style>\n#col-1797266276 > .col-inner {\n  padding: 0px 0px 0px 50px;\n}\n<\/style>\n\t<\/div>\n\n\t\n\n<\/div>\n\n","protected":false},"excerpt":{"rendered":"","protected":false},"author":1,"featured_media":0,"parent":0,"menu_order":0,"comment_status":"closed","ping_status":"closed","template":"page-blank.php","meta":{"footnotes":""},"class_list":["post-1159","page","type-page","status-publish","hentry"],"jetpack_sharing_enabled":true,"_links":{"self":[{"href":"https:\/\/franzderkaiser.com\/de\/wp-json\/wp\/v2\/pages\/1159","targetHints":{"allow":["GET"]}}],"collection":[{"href":"https:\/\/franzderkaiser.com\/de\/wp-json\/wp\/v2\/pages"}],"about":[{"href":"https:\/\/franzderkaiser.com\/de\/wp-json\/wp\/v2\/types\/page"}],"author":[{"embeddable":true,"href":"https:\/\/franzderkaiser.com\/de\/wp-json\/wp\/v2\/users\/1"}],"replies":[{"embeddable":true,"href":"https:\/\/franzderkaiser.com\/de\/wp-json\/wp\/v2\/comments?post=1159"}],"version-history":[{"count":10,"href":"https:\/\/franzderkaiser.com\/de\/wp-json\/wp\/v2\/pages\/1159\/revisions"}],"predecessor-version":[{"id":1657,"href":"https:\/\/franzderkaiser.com\/de\/wp-json\/wp\/v2\/pages\/1159\/revisions\/1657"}],"wp:attachment":[{"href":"https:\/\/franzderkaiser.com\/de\/wp-json\/wp\/v2\/media?parent=1159"}],"curies":[{"name":"wp","href":"https:\/\/api.w.org\/{rel}","templated":true}]}}