{"id":1198,"date":"2021-01-13T19:01:38","date_gmt":"2021-01-13T19:01:38","guid":{"rendered":"https:\/\/franzderkaiser.com\/handschuhgroesse"},"modified":"2021-01-13T19:01:38","modified_gmt":"2021-01-13T19:01:38","slug":"handschuhgroesse","status":"publish","type":"page","link":"https:\/\/franzderkaiser.com\/de\/handschuhgroesse\/","title":{"rendered":"Handschuhgr\u00f6\u00dfe"},"content":{"rendered":"<div class=\"rte\">\n<p style=\"text-align: center;\"><span style=\"font-size: 180%; font-family: franklin-gothic-atf, sans-serif;\">Handschuhgr\u00f6\u00dfe<\/span><\/p>\n<div class=\"rte__table-wrapper\">\n<table width=\"100%\">\n<tbody>\n<tr>\n<td><span style=\"font-family: franklin-gothic-atf, sans-serif;\"><strong>FDK Handschuhgr\u00f6\u00dfe<\/strong><\/span><\/td>\n<td><span style=\"font-family: franklin-gothic-atf, sans-serif;\">Handumfang in Zentimetern <em><br \/>\n<\/em><\/span><\/td>\n<td><span style=\"font-family: franklin-gothic-atf, sans-serif;\">Handumfang in Zoll<\/span><\/td>\n<\/tr>\n<tr>\n<td><span style=\"font-family: franklin-gothic-atf, sans-serif;\"><strong>7 \u00bd<\/strong><\/span><\/td>\n<td><span style=\"font-family: franklin-gothic-atf, sans-serif;\">19 cm<\/span><\/td>\n<td><span style=\"font-family: franklin-gothic-atf, sans-serif;\">7 \u00bd Zoll<\/span><\/td>\n<\/tr>\n<tr>\n<td><span style=\"font-family: franklin-gothic-atf, sans-serif;\"><strong>8<\/strong><\/span><\/td>\n<td><span style=\"font-family: franklin-gothic-atf, sans-serif;\">20,5 cm<\/span><\/td>\n<td><span style=\"font-family: franklin-gothic-atf, sans-serif;\">8 Zoll<\/span><\/td>\n<\/tr>\n<tr>\n<td><span style=\"font-family: franklin-gothic-atf, sans-serif;\"><strong>8 \u00bd <\/strong><\/span><\/td>\n<td><span style=\"font-family: franklin-gothic-atf, sans-serif;\">22 cm<\/span><\/td>\n<td><span style=\"font-family: franklin-gothic-atf, sans-serif;\">8 \u00bd Zoll<\/span><\/td>\n<\/tr>\n<tr>\n<td><span style=\"font-family: franklin-gothic-atf, sans-serif;\"><strong>9<\/strong><\/span><\/td>\n<td><span style=\"font-family: franklin-gothic-atf, sans-serif;\">23 cm<\/span><\/td>\n<td><span style=\"font-family: franklin-gothic-atf, sans-serif;\">9 Zoll<\/span><\/td>\n<\/tr>\n<tr>\n<td><span style=\"font-family: franklin-gothic-atf, sans-serif;\"><strong>9 \u00bd <\/strong><\/span><\/td>\n<td><span style=\"font-family: franklin-gothic-atf, sans-serif;\">24 cm<\/span><\/td>\n<td><span style=\"font-family: franklin-gothic-atf, sans-serif;\">9 \u00bd Zoll<\/span><\/td>\n<\/tr>\n<tr>\n<td><span style=\"font-family: franklin-gothic-atf, sans-serif;\"><strong>10<\/strong><\/span><\/td>\n<td><span style=\"font-family: franklin-gothic-atf, sans-serif;\">25,5 cm<\/span><\/td>\n<td><span style=\"font-family: franklin-gothic-atf, sans-serif;\">10 Zoll<\/span><\/td>\n<\/tr>\n<tr>\n<td><span style=\"font-family: franklin-gothic-atf, sans-serif;\"><strong>10 \u00bd<\/strong><\/span><\/td>\n<td><span style=\"font-family: franklin-gothic-atf, sans-serif;\">27 cm<\/span><\/td>\n<td><span style=\"font-family: franklin-gothic-atf, sans-serif;\">10 \u00bd Zoll<\/span><\/td>\n<\/tr>\n<\/tbody>\n<\/table>\n<\/div>\n<\/div>\n<p>Messoptionen:<\/p>\n<div class=\"rte\">\n<ul>\n<li><span style=\"font-family: franklin-gothic-atf, sans-serif;\">Option 1: Messung kann mit einem Ma\u00dfband vorgenommen werden, um einen korrekten Sitz zu gew\u00e4hrleisten.<\/span><\/li>\n<li>Option 2: Messung kann mit einer Zeichenfolge durchgef\u00fchrt und auf ein Lineal bezogen werden.<\/li>\n<\/ul>\n<p>Zus\u00e4tzliche Informationen:<\/p>\n<ul>\n<li><span style=\"font-family: franklin-gothic-atf, sans-serif;\">Die Ma\u00dfe in cm wurden auf die n\u00e4chste halbe oder volle Zahl gerundet.<\/span><\/li>\n<li><span style=\"font-family: franklin-gothic-atf, sans-serif;\">Der Austausch gegen gr\u00f6\u00dfere oder kleinere Gr\u00f6\u00dfen ist m\u00f6glich, sofern der Handschuh nicht besch\u00e4digt ist.<\/span><\/li>\n<\/ul>\n<\/div>\n<div class=\"mfp-wrap mfp-close-btn-in mfp-auto-cursor mfp-fade mfp-ready\" tabindex=\"-1\">\n<div class=\"mfp-container mfp-s-ready mfp-inline-holder\"><\/div>\n<\/div>\n","protected":false},"excerpt":{"rendered":"<p>Handschuhgr\u00f6\u00dfe FDK Handschuhgr\u00f6\u00dfe Handumfang in Zentimetern Handumfang in Zoll 7 \u00bd 19 cm 7 \u00bd Zoll 8 20,5 cm 8 Zoll 8 \u00bd 22 cm 8 \u00bd Zoll 9 23 cm 9 Zoll 9 \u00bd 24 cm 9 \u00bd Zoll 10 25,5 cm 10 Zoll 10 \u00bd 27 cm 10 \u00bd Zoll Messoptionen: Option 1: [&#8230;]\n","protected":false},"author":1,"featured_media":0,"parent":0,"menu_order":0,"comment_status":"closed","ping_status":"closed","template":"","meta":{"footnotes":""},"class_list":["post-1198","page","type-page","status-publish","hentry"],"jetpack_sharing_enabled":true,"_links":{"self":[{"href":"https:\/\/franzderkaiser.com\/de\/wp-json\/wp\/v2\/pages\/1198","targetHints":{"allow":["GET"]}}],"collection":[{"href":"https:\/\/franzderkaiser.com\/de\/wp-json\/wp\/v2\/pages"}],"about":[{"href":"https:\/\/franzderkaiser.com\/de\/wp-json\/wp\/v2\/types\/page"}],"author":[{"embeddable":true,"href":"https:\/\/franzderkaiser.com\/de\/wp-json\/wp\/v2\/users\/1"}],"replies":[{"embeddable":true,"href":"https:\/\/franzderkaiser.com\/de\/wp-json\/wp\/v2\/comments?post=1198"}],"version-history":[{"count":1,"href":"https:\/\/franzderkaiser.com\/de\/wp-json\/wp\/v2\/pages\/1198\/revisions"}],"predecessor-version":[{"id":1199,"href":"https:\/\/franzderkaiser.com\/de\/wp-json\/wp\/v2\/pages\/1198\/revisions\/1199"}],"wp:attachment":[{"href":"https:\/\/franzderkaiser.com\/de\/wp-json\/wp\/v2\/media?parent=1198"}],"curies":[{"name":"wp","href":"https:\/\/api.w.org\/{rel}","templated":true}]}}