{"id":1259,"date":"2021-01-13T19:19:18","date_gmt":"2021-01-13T19:19:18","guid":{"rendered":"https:\/\/franzderkaiser.com\/versand"},"modified":"2021-01-13T19:19:23","modified_gmt":"2021-01-13T19:19:23","slug":"versand","status":"publish","type":"page","link":"https:\/\/franzderkaiser.com\/de\/versand\/","title":{"rendered":"Versand"},"content":{"rendered":"\t<section class=\"section\" id=\"section_1152009781\">\n\t\t<div class=\"bg section-bg fill bg-fill  bg-loaded\" >\n\n\t\t\t\n\t\t\t\n\t\t\t\n\n\t\t<\/div>\n\n\t\t<div class=\"section-content relative\">\n\t\t\t\n<p><span style=\"font-family: franklin-gothic-atf, sans-serif;font-size: 180%\">Versand<\/span><\/p>\n<p><span style=\"font-family: franklin-gothic-atf, sans-serif\">Alle Bestellungen \u00fcber www.franzderkaiser.com unterliegen den folgenden Versandrichtlinien. Wir streben eine schnelle Lieferung an und bem\u00fchen uns, dass Bestellungen innerhalb von 24 bis 72 Stunden ausgef\u00fchrt werden. Bitte beachten Sie, dass wir nicht am Wochenende versenden. Bestellungen, die am Freitag eingehen, werden jedoch bereits am folgenden Montag und erst am folgenden Dienstag f\u00fcr den Versand bearbeitet. Das Lieferfenster wird basierend auf der gew\u00e4hlten Versandoption berechnet. Bestellungen sollten innerhalb von 7-15 Werktagen eingehen. Bei internationalen Bestellungen kann dieses Fenster bis zu 2 Werktage l\u00e4nger dauern.<\/span><\/p>\n<p><span style=\"font-family: franklin-gothic-atf, sans-serif\">Sollten Sie spezielle Versandkosten, eine Geschenkbox oder Fragen zu unseren Versandrichtlinien ben\u00f6tigen, wenden Sie sich bitte an<a href=\"mailto:office@franzderkaiser.com\"> office@franzderkaiser.com<\/a> .<\/span><\/p>\n<p><span style=\"font-family: franklin-gothic-atf, sans-serif\">&#8211; Oder &#8211; f\u00fcllen Sie das folgende Kontaktformular aus:<\/span><\/p>\n\t\t<\/div>\n\n\t\t\n<style>\n#section_1152009781 {\n  padding-top: 30px;\n  padding-bottom: 30px;\n  min-height: 400px;\n}\n<\/style>\n\t<\/section>\n\t\n\n<div class=\"wpcf7 no-js\" id=\"wpcf7-f721-o1\" lang=\"en-US\" dir=\"ltr\" data-wpcf7-id=\"721\">\n<div class=\"screen-reader-response\"><p role=\"status\" aria-live=\"polite\" aria-atomic=\"true\"><\/p> <ul><\/ul><\/div>\n<form action=\"\/de\/wp-json\/wp\/v2\/pages\/1259#wpcf7-f721-o1\" method=\"post\" class=\"wpcf7-form init 5037f88a95d6 cmatic-disconn cmatic-aud-0 cmatic-mapd0-0 cmatic-v0978 cmatic-sent-0 cmatic-total-0\" aria-label=\"Contact form\" novalidate=\"novalidate\" data-status=\"init\">\n<fieldset class=\"hidden-fields-container\"><input type=\"hidden\" name=\"_wpcf7\" value=\"721\" \/><input type=\"hidden\" name=\"_wpcf7_version\" value=\"6.1.5\" \/><input type=\"hidden\" name=\"_wpcf7_locale\" value=\"en_US\" \/><input type=\"hidden\" name=\"_wpcf7_unit_tag\" value=\"wpcf7-f721-o1\" \/><input type=\"hidden\" name=\"_wpcf7_container_post\" value=\"0\" \/><input type=\"hidden\" name=\"_wpcf7_posted_data_hash\" value=\"\" \/>\n<\/fieldset>\n<p><label> Your name<br \/>\n<span class=\"wpcf7-form-control-wrap\" data-name=\"your-name\"><input size=\"40\" maxlength=\"400\" class=\"wpcf7-form-control wpcf7-text wpcf7-validates-as-required\" aria-required=\"true\" aria-invalid=\"false\" value=\"\" type=\"text\" name=\"your-name\" \/><\/span> <\/label>\n<\/p>\n<p><label> Your email<br \/>\n<span class=\"wpcf7-form-control-wrap\" data-name=\"your-email\"><input size=\"40\" maxlength=\"400\" class=\"wpcf7-form-control wpcf7-email wpcf7-validates-as-required wpcf7-text wpcf7-validates-as-email\" aria-required=\"true\" aria-invalid=\"false\" value=\"\" type=\"email\" name=\"your-email\" \/><\/span> <\/label>\n<\/p>\n<p><label> Subject<br \/>\n<span class=\"wpcf7-form-control-wrap\" data-name=\"your-subject\"><input size=\"40\" maxlength=\"400\" class=\"wpcf7-form-control wpcf7-text wpcf7-validates-as-required\" aria-required=\"true\" aria-invalid=\"false\" value=\"\" type=\"text\" name=\"your-subject\" \/><\/span> <\/label>\n<\/p>\n<p><label> Your message (optional)<br \/>\n<span class=\"wpcf7-form-control-wrap\" data-name=\"your-message\"><textarea cols=\"40\" rows=\"10\" maxlength=\"2000\" class=\"wpcf7-form-control wpcf7-textarea\" aria-invalid=\"false\" name=\"your-message\"><\/textarea><\/span> <\/label>\n<\/p>\n<p><input class=\"wpcf7-form-control wpcf7-submit has-spinner\" type=\"submit\" value=\"Submit\" \/>\n<\/p><div class=\"wpcf7-response-output\" aria-hidden=\"true\"><\/div>\n<\/form>\n<\/div>\n\n","protected":false},"excerpt":{"rendered":"","protected":false},"author":1,"featured_media":0,"parent":0,"menu_order":0,"comment_status":"closed","ping_status":"closed","template":"","meta":{"footnotes":""},"class_list":["post-1259","page","type-page","status-publish","hentry"],"jetpack_sharing_enabled":true,"_links":{"self":[{"href":"https:\/\/franzderkaiser.com\/de\/wp-json\/wp\/v2\/pages\/1259","targetHints":{"allow":["GET"]}}],"collection":[{"href":"https:\/\/franzderkaiser.com\/de\/wp-json\/wp\/v2\/pages"}],"about":[{"href":"https:\/\/franzderkaiser.com\/de\/wp-json\/wp\/v2\/types\/page"}],"author":[{"embeddable":true,"href":"https:\/\/franzderkaiser.com\/de\/wp-json\/wp\/v2\/users\/1"}],"replies":[{"embeddable":true,"href":"https:\/\/franzderkaiser.com\/de\/wp-json\/wp\/v2\/comments?post=1259"}],"version-history":[{"count":7,"href":"https:\/\/franzderkaiser.com\/de\/wp-json\/wp\/v2\/pages\/1259\/revisions"}],"predecessor-version":[{"id":1266,"href":"https:\/\/franzderkaiser.com\/de\/wp-json\/wp\/v2\/pages\/1259\/revisions\/1266"}],"wp:attachment":[{"href":"https:\/\/franzderkaiser.com\/de\/wp-json\/wp\/v2\/media?parent=1259"}],"curies":[{"name":"wp","href":"https:\/\/api.w.org\/{rel}","templated":true}]}}