{"id":14,"date":"2020-07-06T10:33:27","date_gmt":"2020-07-06T10:33:27","guid":{"rendered":"https:\/\/hopfenradl.live-website.com\/?page_id=14"},"modified":"2020-12-10T15:16:57","modified_gmt":"2020-12-10T15:16:57","slug":"terms-conditions","status":"publish","type":"page","link":"https:\/\/franzderkaiser.com\/de\/terms-conditions\/","title":{"rendered":"Terms &#038; Conditions"},"content":{"rendered":"\n<p><strong>AGB<\/strong><\/p>\n\n\n\n<ul class=\"wp-block-list\"><li>Geltungsbereich<\/li><\/ul>\n\n\n\n<p>(1) Alle Angebote, Kaufvertr\u00e4ge, Lieferungen und Leistungen, die auf der Grundlage von Bestellungen unserer Kunden (jeweils ein &#8222;Kunde&#8220;) \u00fcber unseren Online-Shopedermind.com (der &#8222;Online-Shop&#8220;) erfolgen, unterliegen diesen allgemeinen Bestimmungen Verkaufsbedingungen (die &#8222;Allgemeinen Gesch\u00e4ftsbedingungen&#8220;).<\/p>\n\n\n\n<p>(2) Andere Bedingungen oder Konditionen gelten nicht, auch wenn wir ihrer Anwendung nicht besonders widersprechen. Sie sind anwendbar, wenn ihre G\u00fcltigkeit ausdr\u00fccklich schriftlich vereinbart wurde.<\/p>\n\n\n\n<p>(3) Diese Gesch\u00e4ftsbedingungen und das vollst\u00e4ndige Rechtsverh\u00e4ltnis zwischen den vertraglichen Patnern unterliegen ausschlie\u00dflich dem Recht der Bundesrepublik \u00d6sterreich unter Ausschluss des internationalen Einheitsrechts, insbesondere der UN-Kaufabkommen.<\/p>\n\n\n\n<ul class=\"wp-block-list\"><li>2 Vertragsschluss<\/li><\/ul>\n\n\n\n<p>(1) Unsere Angebote im Online-Shop sind unverbindlich.<\/p>\n\n\n\n<p>(2) Nur durch Klicken auf &#8222;Jetzt bestellen&#8220; schlie\u00dfen Sie eine rechtsverbindliche Bestellung aller Artikel in Ihrem Warenkorb. Mit Ihrer Bestellung sind Sie somit f\u00fcr zwei Wochen gebunden. Ihr m\u00f6gliches Widerrufsrecht nach \u00a73 bleibt unber\u00fchrt.<\/p>\n\n\n\n<p>(3) Unmittelbar nach Eingang der Bestellung senden wir Ihnen per E-Mail eine Empfangsbest\u00e4tigung zu, die keine Annahme der Bestellung darstellt. Die Bestellung gilt entweder nach sp\u00e4terer (E-Mail-) Annahme der Bestellung oder durch Versand der bestellten Artikel als von uns angenommen. Der Kaufvertrag mit dem Kunden wird erst mit unserer Annahme wirksam<\/p>\n\n\n\n<ul class=\"wp-block-list\"><li>3 Widerrufsrecht<\/li><\/ul>\n\n\n\n<p>(1) Die Widerrufsfrist betr\u00e4gt 14 Tage nach Erhalt des Produkts. Um das Widerrufsrecht auszu\u00fcben, muss der Kunde eine formlose Erkl\u00e4rung an Franz der Kaiser senden (per Post: Buchbrunn 21, 9141 Eberndorf, per E-Mail: office@franzderkaiser.com oder telefonisch: +43 (0) 66762351730).<\/p>\n\n\n\n<p>(2) In Bezug auf dieses Widerrufsrecht gew\u00e4hren wir Ihnen Folgendes (wie vom \u00f6sterreichischen Gesetzgeber vorformuliert)<\/p>\n\n\n\n<p><strong>Widerrufsbelehrung<\/strong><\/p>\n\n\n\n<p>Widerrufsrecht<\/p>\n\n\n\n<p>Sie sind berechtigt, Ihre vertragliche Erkl\u00e4rung innerhalb von 14 Tagen ohne Angabe von Gr\u00fcnden zu widerrufen (zu widerrufen). Die Widerrufsfrist von 14 Tagen beginnt an dem Tag, an dem Sie oder ein von Ihnen benannter Dritter, der nicht der Bef\u00f6rderer ist, die Ware in Besitz nehmen \/ in Besitz nehmen. Um Ihr Widerrufsrecht (Widerruf) geltend zu machen, m\u00fcssen Sie uns, Franz der Kaiser, Buchbrunn 21, 9141 Eberndorf, E-Mail: office@franzderkaiser.com, \u00fcber Ihre Entscheidung, von diesem Vertrag zur\u00fcckzutreten, durch eine ausdr\u00fcckliche Erkl\u00e4rung (z. B. ein Schreiben) informieren per Post, E-Mail oder \u00fcber das auf unserer Homepage bereitgestellte Formular gesendet). Zur Einhaltung der Widerrufsfrist reicht es aus, wenn die Mitteilung \u00fcber die Aus\u00fcbung des Widerrufsrechts vor Ablauf der Widerrufsfrist versandt wird.<\/p>\n\n\n\n<p>Folgen des Widerrufs<\/p>\n\n\n\n<p>Wenn Sie diesen Vertrag widerrufen, m\u00fcssen wir alle Zahlungen, die wir von Ihnen erhalten haben, einschlie\u00dflich der Lieferkosten, mit Ausnahme der Kosten, sofort, sp\u00e4testens jedoch innerhalb von 14 Tagen ab dem Tag, an dem wir die Ank\u00fcndigung Ihres Widerrufs dieses Vertrags erhalten haben zus\u00e4tzliche Kosten, die entstanden sind, wenn Sie eine andere Art der Lieferung gew\u00e4hlt haben als die billigste von uns angebotene Standardlieferart. F\u00fcr die R\u00fcckerstattung verwenden wir dieselbe Zahlungsmethode, die Sie f\u00fcr die urspr\u00fcngliche Transaktion verwendet haben (es sei denn, wir haben ausdr\u00fccklich etwas anderes mit Ihnen vereinbart). In keinem Fall berechnen wir Geb\u00fchren f\u00fcr diese R\u00fcckerstattung. Wir k\u00f6nnen eine R\u00fcckerstattung zur\u00fcckhalten, bis wir die zur\u00fcckgesandte Ware erhalten haben oder bis Sie den Nachweis erbracht haben, dass Sie die Ware zur\u00fcckgeschickt haben, je nachdem, was zuerst eintritt. Sie m\u00fcssen die Ware unverz\u00fcglich (und sp\u00e4testens jedoch innerhalb von 14 Tagen ab dem Tag, an dem Sie uns \u00fcber den Widerruf dieses Vertrages informiert haben) zur\u00fccksenden oder an uns liefern. Die Frist ist eingehalten, wenn Sie die Ware vor Ablauf der Widerrufsfrist von 14 Tagen abschicken. Die sofortigen R\u00fccksendekosten tr\u00e4gt Sie. Sie haften nur f\u00fcr einen m\u00f6glichen Wertverlust der Ware, wenn dieser Wertverlust auf einen zur\u00fcckzuf\u00fchren ist nicht wesentlicher Umgang mit der Ware zur Pr\u00fcfung der Qualit\u00e4t, Eigenschaften und Funktionalit\u00e4t durch Sie.<\/p>\n\n\n\n<ul class=\"wp-block-list\"><li>4 Preise und Zahlung<\/li><\/ul>\n\n\n\n<p>PayPal<\/p>\n\n\n\n<p>Um mit Paypal bezahlen zu k\u00f6nnen, ben\u00f6tigen Sie ein kostenloses Paypal-Konto. Paypal bietet verschiedene Zahlungsm\u00f6glichkeiten und versichert Bestellungen bis zu 500 \u20ac. Wenn Sie Ihre Bestellung \u00fcber Paypal bezahlen m\u00f6chten, werden Sie an Paypal weitergeleitet und aufgefordert, sich in Ihrem Konto anzumelden oder sich selbst zu registrieren. W\u00e4hlen Sie nun einfach die gew\u00fcnschte Zahlungsmethode (Paypal-Guthaben, Debit- oder Kreditkarte) und best\u00e4tigen Sie die Zahlung. Danach erhalten wir eine Best\u00e4tigung von Paypal und versenden Ihre Waren so schnell wie m\u00f6glich.<\/p>\n\n\n\n<p>Kreditkarte<\/p>\n\n\n\n<p>Sie k\u00f6nnen in unserem Online-Shop mit Ihrer Kreditkarte bezahlen. Unser Zahlungsanbieter Stripe sorgt f\u00fcr einen bequemen und sicheren Zahlungsvorgang direkt beim Check-out. Erst wenn Ihre Bestellung abgeschlossen ist, wird Ihre Kreditkarte belastet.<\/p>\n\n\n\n<p>&nbsp;Die Quittung wird per E-Mail verschickt<\/p>\n\n\n\n<ul class=\"wp-block-list\"><li>5 Lieferung<\/li><\/ul>\n\n\n\n<p>(1) Produkte werden von unserem Fulfillment-Partner versandt.<\/p>\n\n\n\n<p>(2) Generell erwarten wir, dass der Versand weltweit ca. 7-15 Werktage dauert<\/p>\n\n\n\n<p>(3) Bitte beachten Sie, dass alle Angaben zum Versand oder zur Lieferung unverbindlich sind und keine vertraglichen Zusicherungen darstellen.<\/p>\n\n\n\n<p>(4) Sollten wir bei Franz der Kaiser ohne unser Verschulden nicht in der Lage sein, Ihre bestellten Artikel zu liefern, weil unser Versender seine vertraglichen Verpflichtungen nicht nur kurzfristig erf\u00fcllt, sind wir berechtigt, vom Vertrag mit Ihnen zur\u00fcckzutreten.<\/p>\n\n\n\n<p>(5) Ihre sonstigen Rechte bleiben unber\u00fchrt.<\/p>\n\n\n\n<ul class=\"wp-block-list\"><li>6 Eigentumsvorbehalt<\/li><\/ul>\n\n\n\n<p>(1) Wir, Franz der Kaiser, behalten uns das Recht an jedem von uns gelieferten Produkt vor, bis der Kaufpreis f\u00fcr dieses Produkt vollst\u00e4ndig bezahlt wurde.<\/p>\n\n\n\n<ul class=\"wp-block-list\"><li>7 Garantie<\/li><\/ul>\n\n\n\n<p>(2) Innerhalb der Gew\u00e4hrleistungsfrist werden wir alle M\u00e4ngel aufgrund von Material- oder Herstellungsfehlern kostenlos beheben. In diesen F\u00e4llen wenden Sie sich bitte \u00fcber office@franzderkaier.com an unsere Service-Crew. Wir werden versuchen, uns so schnell wie m\u00f6glich mit Ihnen in Verbindung zu setzen und eine L\u00f6sung f\u00fcr das Problem zu finden.<\/p>\n\n\n\n<p>(3) Die Garantie gilt nicht<\/p>\n\n\n\n<ol class=\"wp-block-list\" type=\"1\"><li>Jegliche Art von Besch\u00e4digung<\/li><li>Sch\u00e4den durch falsche Verwendung und Unf\u00e4lle<\/li><li>Kontamination des Produktes nach Vertragsschluss.<\/li><\/ol>\n\n\n\n<p>(4) Die Gew\u00e4hrleistung erstreckt sich nicht durch unbefugte Eingriffe des K\u00e4ufers oder Dritter. Die Garantiezeit verl\u00e4ngert sich nicht durch Inanspruchnahme der Garantie.<\/p>\n\n\n\n<p>(5) Wenn Ihr Produkt M\u00e4ngel aufweist, f\u00fcgen Sie bitte Ihre Rechnung als Gutschein bei der R\u00fcckforderung des Produkts bei.<\/p>\n\n\n\n<ul class=\"wp-block-list\"><li>8 M\u00e4ngelhaftung<\/li><\/ul>\n\n\n\n<p>(1) Sofern nicht anders angegeben, ist unsere Schadensersatzhaftung unabh\u00e4ngig von der Art der Pflichtverletzung und einschlie\u00dflich rechtswidriger Handlungen, die auf vors\u00e4tzliche oder grob fahrl\u00e4ssige Handlungen beschr\u00e4nkt sind.<\/p>\n\n\n\n<p>(2) Bei Verst\u00f6\u00dfen gegen wichtige Vertragsverletzungen haften wir f\u00fcr Fahrl\u00e4ssigkeit, jedoch nur bis zur H\u00f6he des vorhersehbaren Schadens.<\/p>\n\n\n\n<p>(3) Alle Haftungsbeschr\u00e4nkungen oder -ausschl\u00fcsse beziehen sich nicht auf Anspr\u00fcche aus betr\u00fcgerischem Verhalten. Sie gelten ferner nicht f\u00fcr die Haftung f\u00fcr garantierte Eigenschaften und f\u00fcr Anspr\u00fcche nach dem Produkthaftungsgesetz sowie nicht f\u00fcr Anspr\u00fcche auf Verletzung des Lebens , K\u00f6rperverletzung oder Gesundheitsschaden.<\/p>\n\n\n\n<p>(4) F\u00fcr den Fall, dass unsere Haftung ausgeschlossen oder beschr\u00e4nkt werden sollte, gilt dies auch f\u00fcr unsere Mitarbeiter, Arbeitnehmer, Vertreter oder ausf\u00fchrenden und stellvertretenden Vertreter.<\/p>\n\n\n\n<p>(5) Hat der Kunde von seinem Anspruch auf Nacherf\u00fcllung Gebrauch gemacht, so erf\u00fcllen wir diese nur durch Ersatzlieferung.<\/p>\n\n\n\n<ul class=\"wp-block-list\"><li>9 Sonstige Bestimmungen<\/li><\/ul>\n\n\n\n<p>(1) Ausschlie\u00dflicher Gerichtsstand f\u00fcr alle und alle Streitigkeiten ist &#8211; soweit gesetzlich zul\u00e4ssig. Wir sind berechtigt, an jedem Ort, an dem ein gesetzlicher Gerichtsstand besteht, rechtliche Schritte gegen den K\u00e4ufer einzuleiten.<\/p>\n\n\n\n<p>(2) Eine Abtretung von Anspr\u00fcchen gegen uns bedarf der vorherigen schriftlichen Zustimmung.<\/p>\n\n\n\n<p>(3) Sie haben nur dann ein Recht auf Aufrechnung mit unseren Forderungen, wenn seine Gegenanspr\u00fcche gesetzlich festgelegt oder von uns angefochten oder genehmigt wurden. Dar\u00fcber hinaus haben Sie das Recht, gegen unsere Forderungen aufzurechnen, wenn Sie eine Mitteilung \u00fcber M\u00e4ngel oder Gegenanspr\u00fcche desselben Kaufvertrags geltend machen.<\/p>\n\n\n\n<p>(4) Sie haben nur dann ein Zur\u00fcckbehaltungsrecht, wenn sich Ihre Gegenforderung auf denselben Kaufvertrag bezieht.<\/p>\n\n\n\n<p>(5) Rechtlich relevante Erkl\u00e4rungen und Mitteilungen, die der K\u00e4ufer uns nach Vertragsschluss vorzulegen hat (z. B. Fristeneinstellung, M\u00e4ngelr\u00fcge, Widerrufserkl\u00e4rung oder Minderung), bed\u00fcrfen zur G\u00fcltigkeit der Schriftform .<\/p>\n\n\n\n<p>(6) Sollen einzelne Bestimmungen des Vertrages mit dem K\u00e4ufer, einschlie\u00dflich dieser Allgemeinen Gesch\u00e4ftsbedingungen, teilweise oder vollst\u00e4ndig ung\u00fcltig sein oder wenn sich eine L\u00fccke ergibt, wird die G\u00fcltigkeit der \u00fcbrigen Bestimmungen davon nicht ber\u00fchrt. In diesem Fall wird die ung\u00fcltige Bestimmung oder Unterlassung durch eine geeignete g\u00fcltige Bestimmung ersetzt, die dem urspr\u00fcnglichen Vertrag oder den Bedingungen im Willen aller Vertragspartner, der wirtschaftlichen Bedeutung und nach Treu und Glauben der ersetzten Bestimmung so nahe wie m\u00f6glich kommt .<\/p>\n\n\n\n<p>(7) \u00c4nderungen und Erg\u00e4nzungen der vorliegenden Allgemeinen Gesch\u00e4ftsbedingungen und \/ oder anderer Vertragsbeziehungen bed\u00fcrfen der Schriftform, dies gilt auch f\u00fcr den Verzicht auf die Schriftform.<\/p>\n\n\n\n<p>Die ODR-Plattform bietet Verbrauchern und H\u00e4ndlern innerhalb der EU die M\u00f6glichkeit, eine au\u00dfergerichtliche Einigung \u00fcber Beschwerden aufgrund von Online-Eink\u00e4ufen zu erzielen. Dieser einzige Einstiegspunkt ist als benutzerfreundliche und interaktive Website konzipiert, die in allen EU-Amtssprachen kostenlos verf\u00fcgbar ist. Mithilfe der ODR-Plattform k\u00f6nnen Verbraucher und H\u00e4ndler eine Streitbeilegungsstelle finden und anschlie\u00dfend eine L\u00f6sung f\u00fcr die Beschwerde des Verbrauchers finden. Die ODR-Plattform finden Sie hier: http:\/\/ec.europa.eu\/odr.<\/p>\n","protected":false},"excerpt":{"rendered":"<p>AGB Geltungsbereich (1) Alle Angebote, Kaufvertr\u00e4ge, Lieferungen und Leistungen, die auf der Grundlage von Bestellungen unserer Kunden (jeweils ein &#8222;Kunde&#8220;) \u00fcber unseren Online-Shopedermind.com (der &#8222;Online-Shop&#8220;) erfolgen, unterliegen diesen allgemeinen Bestimmungen Verkaufsbedingungen (die &#8222;Allgemeinen Gesch\u00e4ftsbedingungen&#8220;). (2) Andere Bedingungen oder Konditionen gelten nicht, auch wenn wir ihrer Anwendung nicht besonders widersprechen. Sie sind anwendbar, wenn ihre G\u00fcltigkeit [&#8230;]\n","protected":false},"author":1,"featured_media":0,"parent":0,"menu_order":0,"comment_status":"closed","ping_status":"closed","template":"","meta":{"footnotes":""},"class_list":["post-14","page","type-page","status-publish","hentry"],"jetpack_sharing_enabled":true,"_links":{"self":[{"href":"https:\/\/franzderkaiser.com\/de\/wp-json\/wp\/v2\/pages\/14","targetHints":{"allow":["GET"]}}],"collection":[{"href":"https:\/\/franzderkaiser.com\/de\/wp-json\/wp\/v2\/pages"}],"about":[{"href":"https:\/\/franzderkaiser.com\/de\/wp-json\/wp\/v2\/types\/page"}],"author":[{"embeddable":true,"href":"https:\/\/franzderkaiser.com\/de\/wp-json\/wp\/v2\/users\/1"}],"replies":[{"embeddable":true,"href":"https:\/\/franzderkaiser.com\/de\/wp-json\/wp\/v2\/comments?post=14"}],"version-history":[{"count":4,"href":"https:\/\/franzderkaiser.com\/de\/wp-json\/wp\/v2\/pages\/14\/revisions"}],"predecessor-version":[{"id":741,"href":"https:\/\/franzderkaiser.com\/de\/wp-json\/wp\/v2\/pages\/14\/revisions\/741"}],"wp:attachment":[{"href":"https:\/\/franzderkaiser.com\/de\/wp-json\/wp\/v2\/media?parent=14"}],"curies":[{"name":"wp","href":"https:\/\/api.w.org\/{rel}","templated":true}]}}