{"id":793,"date":"2020-12-10T17:01:47","date_gmt":"2020-12-10T17:01:47","guid":{"rendered":"https:\/\/franzderkaiser.com\/?page_id=793"},"modified":"2020-12-13T18:58:44","modified_gmt":"2020-12-13T18:58:44","slug":"imprint-2","status":"publish","type":"page","link":"https:\/\/franzderkaiser.com\/de\/imprint-2\/","title":{"rendered":"Imprint"},"content":{"rendered":"\t<section class=\"section\" id=\"section_723107051\">\n\t\t<div class=\"bg section-bg fill bg-fill  bg-loaded\" >\n\n\t\t\t\n\t\t\t\n\t\t\t\n\n\t\t<\/div>\n\n\t\t<div class=\"section-content relative\">\n\t\t\t\n<p><span style=\"font-family: franklin-gothic-atf, sans-serif; font-size: 180%;\"><strong>Impressum<\/strong><\/span><\/p>\n<p><span style=\"font-family: franklin-gothic-atf, sans-serif;\">Dieser Online-Shop wird betrieben von:<\/span><\/p>\n<p><span style=\"font-family: franklin-gothic-atf, sans-serif;\"><strong>Franz der Kaiser by<\/strong><\/span><br \/><span style=\"font-family: franklin-gothic-atf, sans-serif;\"><strong>Wildensteiner e.U.<\/strong><strong><br \/><\/strong>Buchbrunn 21<\/span><br \/><span style=\"font-family: franklin-gothic-atf, sans-serif;\">9141 Eberndorf<\/span><br \/><span style=\"font-family: franklin-gothic-atf, sans-serif;\">\u00d6sterreich<\/span><\/p>\n<p><span style=\"font-family: franklin-gothic-atf, sans-serif;\"><strong>Vertretungsberechtigter:<\/strong><\/span><br \/><span style=\"font-family: franklin-gothic-atf, sans-serif;\">John Michael Brandauer<\/span><br \/><span style=\"font-family: franklin-gothic-atf, sans-serif;\">William Andrew Back<\/span><\/p>\n<p><span style=\"font-family: franklin-gothic-atf, sans-serif;\">Tel.: +43 (0) 66762351730<\/span><\/p>\n<p><span style=\"font-family: franklin-gothic-atf, sans-serif;\">E-Mail: office@franzderkaiser.com<\/span><\/p>\n<p><span style=\"font-family: franklin-gothic-atf, sans-serif;\"><strong>Registergericht:<\/strong><\/span><\/p>\n<p><span style=\"font-family: franklin-gothic-atf, sans-serif;\">FN 464804k, Amtsgericht Klagenfurt<\/span><\/p>\n<p><span style=\"font-family: franklin-gothic-atf, sans-serif;\"><strong>Alternative Streitbeilegung gem\u00e4\u00df Art. 14 Abs. 1 ODR-VO und \u00a7 36 VSBG:<\/strong><\/span><\/p>\n<p><span style=\"font-family: franklin-gothic-atf, sans-serif;\">Die Europ\u00e4ische Kommission stellt eine Plattform zur Online-Streitbeilegung (OS) bereit, die Sie unter\u00a0<a href=\"http:\/\/ec.europa.eu\/consumers\/odr\/\" target=\"_blank\" rel=\"noopener\">http:\/\/ec.europa.eu\/consumers\/odr\/<\/a>\u00a0finden.<\/span><\/p>\n<p><span style=\"font-family: franklin-gothic-atf, sans-serif;\">Verbraucher haben die M\u00f6glichkeit, sich f\u00fcr die Beilegung ihrer Streitigkeiten an die Schlichtung f\u00fcr Verbrauchergesch\u00e4fte, Mariahilfer Str. 103, 1060 Wien, Telefon +43 1 8906311,\u00a0<a href=\"http:\/\/www.verbraucherschlichtung.at\/\" target=\"_blank\" rel=\"noopener\">www.verbraucherschlichtung.at<\/a>\u00a0zu wenden. Wir sind verpflichtet, an Verfahren zur Streitbeilegung vor dieser Stelle teilzunehmen. Wir werden an einem solchen Verfahren teilnehmen.<\/span><\/p>\n<p><span style=\"font-family: franklin-gothic-atf, sans-serif;\"><strong>Bitte beachten Sie auch folgende Hinweise:<\/strong><\/span><\/p>\n<p><span style=\"font-family: franklin-gothic-atf, sans-serif;\">Der Betreiber bem\u00fcht sich, im Rahmen des Zumutbaren auf dieser Website richtige und vollst\u00e4ndige Informationen zur Verf\u00fcgung zu stellen. Der Betreiber \u00fcbernimmt jedoch keine Haftung oder Garantie f\u00fcr die Aktualit\u00e4t, Richtigkeit und Vollst\u00e4ndigkeit der auf dieser Website bereitgestellten Informationen.<\/span><\/p>\n<p><span style=\"font-family: franklin-gothic-atf, sans-serif;\">Dies gilt auch f\u00fcr alle Verbindungen (\u201cLinks\u201d), auf die diese Website direkt oder indirekt verweist. Der Betreiber ist f\u00fcr den Inhalt einer Seite, die mit einem solchen Link erreicht wird, nicht verantwortlich. Der Betreiber beh\u00e4lt sich das Recht vor, ohne vorherige Ank\u00fcndigung \u00c4nderungen oder Erg\u00e4nzungen der bereitgestellten Informationen vorzunehmen.<\/span><\/p>\n<p><span style=\"font-family: franklin-gothic-atf, sans-serif;\">Der Betreiber haftet nicht f\u00fcr direkte oder indirekte Sch\u00e4den einschlie\u00dflich entgangenen Gewinns, die aufgrund von oder sonst in Verbindung mit Informationen entstehen, die auf dieser Website bereitgehalten werden.<\/span><\/p>\n<p><span style=\"font-family: franklin-gothic-atf, sans-serif;\">Alle Rechte an den Inhalten dieser Website stehen dem Betreiber oder von dem Betreiber beauftragten Dritten zu und bleiben vorbehalten. Insbesondere bed\u00fcrfen Nachdruck, Aufnahme in Online-Dienste, Internet und Vervielf\u00e4ltigung auf Datentr\u00e4ger wie CD-Rom, DVD-Rom etc.- auch auszugsweise \u2013 der vorherigen schriftlichen Zustimmung.<\/span><\/p>\n\t\t<\/div>\n\n\t\t\n<style>\n#section_723107051 {\n  padding-top: 30px;\n  padding-bottom: 30px;\n  min-height: 400px;\n}\n<\/style>\n\t<\/section>\n\t\n","protected":false},"excerpt":{"rendered":"","protected":false},"author":1,"featured_media":0,"parent":0,"menu_order":0,"comment_status":"closed","ping_status":"closed","template":"","meta":{"footnotes":""},"class_list":["post-793","page","type-page","status-publish","hentry"],"jetpack_sharing_enabled":true,"_links":{"self":[{"href":"https:\/\/franzderkaiser.com\/de\/wp-json\/wp\/v2\/pages\/793","targetHints":{"allow":["GET"]}}],"collection":[{"href":"https:\/\/franzderkaiser.com\/de\/wp-json\/wp\/v2\/pages"}],"about":[{"href":"https:\/\/franzderkaiser.com\/de\/wp-json\/wp\/v2\/types\/page"}],"author":[{"embeddable":true,"href":"https:\/\/franzderkaiser.com\/de\/wp-json\/wp\/v2\/users\/1"}],"replies":[{"embeddable":true,"href":"https:\/\/franzderkaiser.com\/de\/wp-json\/wp\/v2\/comments?post=793"}],"version-history":[{"count":3,"href":"https:\/\/franzderkaiser.com\/de\/wp-json\/wp\/v2\/pages\/793\/revisions"}],"predecessor-version":[{"id":877,"href":"https:\/\/franzderkaiser.com\/de\/wp-json\/wp\/v2\/pages\/793\/revisions\/877"}],"wp:attachment":[{"href":"https:\/\/franzderkaiser.com\/de\/wp-json\/wp\/v2\/media?parent=793"}],"curies":[{"name":"wp","href":"https:\/\/api.w.org\/{rel}","templated":true}]}}