{"id":1428,"date":"2020-12-10T02:07:26","date_gmt":"2021-01-13T20:50:09","guid":{"rendered":"https:\/\/franzderkaiser.com\/produkt\/erbe-fdk-holdall"},"modified":"2021-07-26T21:44:05","modified_gmt":"2021-07-26T21:44:05","slug":"heritage-fdk-tasche","status":"publish","type":"product","link":"https:\/\/franzderkaiser.com\/de\/produkt\/heritage-fdk-tasche\/","title":{"rendered":"Heritage FDK Tasche"},"content":{"rendered":"<p><span style=\"font-family: franklin-gothic-atf, sans-serif;\">Als Teil unserer Heritage FDK-Kollektion ist diese Tasche eine einzigartige und gro\u00dfe Reisetasche, die aus strapazierf\u00e4higem Vollnarbenleder gefertigt ist. Die Innenseite ist aus Rauleder gefertigt, das mit der Zeit eine nat\u00fcrliche Patina annimmt und so eine einzigartige Tasche f\u00fcr jeden Architekten, Designer oder K\u00fcnstler schafft.<\/span><\/p>\n<p>&nbsp;<\/p>\n","protected":false},"excerpt":{"rendered":"<p>FDK\u2502Vintage &amp; Co.<\/p>\n","protected":false},"featured_media":3062,"comment_status":"open","ping_status":"closed","template":"","meta":[],"product_brand":[],"product_cat":[42],"product_tag":[70],"class_list":{"0":"post-1428","1":"product","2":"type-product","3":"status-publish","4":"has-post-thumbnail","6":"product_cat-taschen","7":"product_tag-taschen","9":"first","10":"instock","11":"product-type-simple"},"jetpack_sharing_enabled":true,"_links":{"self":[{"href":"https:\/\/franzderkaiser.com\/de\/wp-json\/wp\/v2\/product\/1428","targetHints":{"allow":["GET"]}}],"collection":[{"href":"https:\/\/franzderkaiser.com\/de\/wp-json\/wp\/v2\/product"}],"about":[{"href":"https:\/\/franzderkaiser.com\/de\/wp-json\/wp\/v2\/types\/product"}],"replies":[{"embeddable":true,"href":"https:\/\/franzderkaiser.com\/de\/wp-json\/wp\/v2\/comments?post=1428"}],"wp:featuredmedia":[{"embeddable":true,"href":"https:\/\/franzderkaiser.com\/de\/wp-json\/wp\/v2\/media\/3062"}],"wp:attachment":[{"href":"https:\/\/franzderkaiser.com\/de\/wp-json\/wp\/v2\/media?parent=1428"}],"wp:term":[{"taxonomy":"product_brand","embeddable":true,"href":"https:\/\/franzderkaiser.com\/de\/wp-json\/wp\/v2\/product_brand?post=1428"},{"taxonomy":"product_cat","embeddable":true,"href":"https:\/\/franzderkaiser.com\/de\/wp-json\/wp\/v2\/product_cat?post=1428"},{"taxonomy":"product_tag","embeddable":true,"href":"https:\/\/franzderkaiser.com\/de\/wp-json\/wp\/v2\/product_tag?post=1428"}],"curies":[{"name":"wp","href":"https:\/\/api.w.org\/{rel}","templated":true}]}}