{"id":1430,"date":"2020-12-08T12:30:53","date_gmt":"2021-01-13T20:50:41","guid":{"rendered":"https:\/\/franzderkaiser.com\/produkt\/savoy-barware-collection"},"modified":"2021-01-14T21:09:15","modified_gmt":"2021-01-14T21:09:15","slug":"savoy-barware-collection","status":"publish","type":"product","link":"https:\/\/franzderkaiser.com\/de\/produkt\/savoy-barware-collection\/","title":{"rendered":"Savoy Barware Collection"},"content":{"rendered":"<p><span style=\"font-family: franklin-gothic-atf, sans-serif;\">Inspiriert von der Art-D\u00e9co-\u00c4ra, ist unsere Savoy Barware Collection ein Muss f\u00fcr jede Hausbar.<\/span><\/p>\n","protected":false},"excerpt":{"rendered":"<p>Inspiriert von der Art-D\u00e9co-\u00c4ra, ist unsere Savoy Barware Collection ein Muss f\u00fcr jede Hausbar.<\/p>\n","protected":false},"featured_media":1331,"comment_status":"open","ping_status":"closed","template":"","meta":[],"product_brand":[],"product_cat":[44],"product_tag":[],"class_list":{"0":"post-1430","1":"product","2":"type-product","3":"status-publish","4":"has-post-thumbnail","6":"product_cat-barware-collections-de","8":"first","9":"instock","10":"taxable","11":"shipping-taxable","12":"product-type-grouped"},"jetpack_sharing_enabled":true,"_links":{"self":[{"href":"https:\/\/franzderkaiser.com\/de\/wp-json\/wp\/v2\/product\/1430","targetHints":{"allow":["GET"]}}],"collection":[{"href":"https:\/\/franzderkaiser.com\/de\/wp-json\/wp\/v2\/product"}],"about":[{"href":"https:\/\/franzderkaiser.com\/de\/wp-json\/wp\/v2\/types\/product"}],"replies":[{"embeddable":true,"href":"https:\/\/franzderkaiser.com\/de\/wp-json\/wp\/v2\/comments?post=1430"}],"wp:featuredmedia":[{"embeddable":true,"href":"https:\/\/franzderkaiser.com\/de\/wp-json\/wp\/v2\/media\/1331"}],"wp:attachment":[{"href":"https:\/\/franzderkaiser.com\/de\/wp-json\/wp\/v2\/media?parent=1430"}],"wp:term":[{"taxonomy":"product_brand","embeddable":true,"href":"https:\/\/franzderkaiser.com\/de\/wp-json\/wp\/v2\/product_brand?post=1430"},{"taxonomy":"product_cat","embeddable":true,"href":"https:\/\/franzderkaiser.com\/de\/wp-json\/wp\/v2\/product_cat?post=1430"},{"taxonomy":"product_tag","embeddable":true,"href":"https:\/\/franzderkaiser.com\/de\/wp-json\/wp\/v2\/product_tag?post=1430"}],"curies":[{"name":"wp","href":"https:\/\/api.w.org\/{rel}","templated":true}]}}