{"id":1432,"date":"2020-12-08T01:51:50","date_gmt":"2021-01-13T20:52:09","guid":{"rendered":"https:\/\/franzderkaiser.com\/produkt\/savoy-cocktail-shaker"},"modified":"2024-07-01T17:49:11","modified_gmt":"2024-07-01T17:49:11","slug":"savoy-cocktail-shaker","status":"publish","type":"product","link":"https:\/\/franzderkaiser.com\/de\/produkt\/savoy-cocktail-shaker\/","title":{"rendered":"Savoy Cocktail Shaker"},"content":{"rendered":"<p><span style=\"font-family: franklin-gothic-atf, sans-serif;\">Dieser Cocktail-Shaker aus unserer Savoy Barware Collection ist mit feinen Details versehen, die vom Art-D\u00e9co-Design inspiriert sind und eine raffinierte Erg\u00e4nzung f\u00fcr Ihre Hausbar darstellen.<\/span><\/p>\n","protected":false},"excerpt":{"rendered":"<p><span style=\"font-family: franklin-gothic-atf, sans-serif;\">3-Piece Cocktail Service<\/span><\/p>\n","protected":false},"featured_media":1328,"comment_status":"open","ping_status":"closed","template":"","meta":[],"product_brand":[],"product_cat":[43],"product_tag":[],"class_list":{"0":"post-1432","1":"product","2":"type-product","3":"status-publish","4":"has-post-thumbnail","6":"product_cat-barware-accesories","8":"first","9":"instock","10":"product-type-simple"},"jetpack_sharing_enabled":true,"_links":{"self":[{"href":"https:\/\/franzderkaiser.com\/de\/wp-json\/wp\/v2\/product\/1432","targetHints":{"allow":["GET"]}}],"collection":[{"href":"https:\/\/franzderkaiser.com\/de\/wp-json\/wp\/v2\/product"}],"about":[{"href":"https:\/\/franzderkaiser.com\/de\/wp-json\/wp\/v2\/types\/product"}],"replies":[{"embeddable":true,"href":"https:\/\/franzderkaiser.com\/de\/wp-json\/wp\/v2\/comments?post=1432"}],"wp:featuredmedia":[{"embeddable":true,"href":"https:\/\/franzderkaiser.com\/de\/wp-json\/wp\/v2\/media\/1328"}],"wp:attachment":[{"href":"https:\/\/franzderkaiser.com\/de\/wp-json\/wp\/v2\/media?parent=1432"}],"wp:term":[{"taxonomy":"product_brand","embeddable":true,"href":"https:\/\/franzderkaiser.com\/de\/wp-json\/wp\/v2\/product_brand?post=1432"},{"taxonomy":"product_cat","embeddable":true,"href":"https:\/\/franzderkaiser.com\/de\/wp-json\/wp\/v2\/product_cat?post=1432"},{"taxonomy":"product_tag","embeddable":true,"href":"https:\/\/franzderkaiser.com\/de\/wp-json\/wp\/v2\/product_tag?post=1432"}],"curies":[{"name":"wp","href":"https:\/\/api.w.org\/{rel}","templated":true}]}}