{"id":1435,"date":"2020-12-04T23:59:57","date_gmt":"2021-01-13T20:53:37","guid":{"rendered":"https:\/\/franzderkaiser.com\/produkt\/sattler-barware-collection"},"modified":"2024-11-19T23:19:07","modified_gmt":"2024-11-19T23:19:07","slug":"sattler-barware-collection","status":"publish","type":"product","link":"https:\/\/franzderkaiser.com\/de\/produkt\/sattler-barware-collection\/","title":{"rendered":"Sattler Barware Collection"},"content":{"rendered":"<p><span style=\"font-family: franklin-gothic-atf, sans-serif;\">Unsere Sattler Barware Collection bietet ein moderne Auswahl an hochwertigen Mix- und Servierzubeh\u00f6r. Diese in den Alpen gefertigte Kollektion ist eine komplette und elegante Erg\u00e4nzung f\u00fcr Ihre Cocktailstunde zu Hause. Erfahren Sie hier <a href=\"https:\/\/franzderkaiser.com\/modernes-alpines-design?lang=de\" target=\"_blank\" rel=\"noopener\">mehr<\/a> \u00fcber die Inspiration hinter der Kollektion und das moderne Alpendesign.<br \/>\n<\/span><\/p>\n","protected":false},"excerpt":{"rendered":"<p>Unsere Sattler Barware Collection bietet ein moderne Auswahl an hochwertigen Mix- und Servierzubeh\u00f6r. Diese in den Alpen gefertigte Kollektion ist eine komplette und elegante Erg\u00e4nzung f\u00fcr Ihre Cocktailstunde zu Hause. Erfahren Sie hier mehr \u00fcber die Inspiration hinter der Kollektion und das moderne Alpendesign.<\/p>\n","protected":false},"featured_media":1329,"comment_status":"open","ping_status":"closed","template":"","meta":[],"product_brand":[],"product_cat":[44],"product_tag":[],"class_list":{"0":"post-1435","1":"product","2":"type-product","3":"status-publish","4":"has-post-thumbnail","6":"product_cat-barware-collections-de","8":"first","9":"instock","10":"taxable","11":"shipping-taxable","12":"product-type-grouped"},"jetpack_sharing_enabled":true,"_links":{"self":[{"href":"https:\/\/franzderkaiser.com\/de\/wp-json\/wp\/v2\/product\/1435","targetHints":{"allow":["GET"]}}],"collection":[{"href":"https:\/\/franzderkaiser.com\/de\/wp-json\/wp\/v2\/product"}],"about":[{"href":"https:\/\/franzderkaiser.com\/de\/wp-json\/wp\/v2\/types\/product"}],"replies":[{"embeddable":true,"href":"https:\/\/franzderkaiser.com\/de\/wp-json\/wp\/v2\/comments?post=1435"}],"wp:featuredmedia":[{"embeddable":true,"href":"https:\/\/franzderkaiser.com\/de\/wp-json\/wp\/v2\/media\/1329"}],"wp:attachment":[{"href":"https:\/\/franzderkaiser.com\/de\/wp-json\/wp\/v2\/media?parent=1435"}],"wp:term":[{"taxonomy":"product_brand","embeddable":true,"href":"https:\/\/franzderkaiser.com\/de\/wp-json\/wp\/v2\/product_brand?post=1435"},{"taxonomy":"product_cat","embeddable":true,"href":"https:\/\/franzderkaiser.com\/de\/wp-json\/wp\/v2\/product_cat?post=1435"},{"taxonomy":"product_tag","embeddable":true,"href":"https:\/\/franzderkaiser.com\/de\/wp-json\/wp\/v2\/product_tag?post=1435"}],"curies":[{"name":"wp","href":"https:\/\/api.w.org\/{rel}","templated":true}]}}