{"id":1438,"date":"2020-11-29T01:05:47","date_gmt":"2021-01-13T20:58:40","guid":{"rendered":"https:\/\/franzderkaiser.com\/produkt\/handgenaehte-rehleder-handschuhe"},"modified":"2023-10-23T07:23:48","modified_gmt":"2023-10-23T07:23:48","slug":"handgenahte-rehleder-handschuhe","status":"publish","type":"product","link":"https:\/\/franzderkaiser.com\/de\/produkt\/handgenahte-rehleder-handschuhe\/","title":{"rendered":"Handgen\u00e4hte Rehleder-Handschuhe"},"content":{"rendered":"<p><span style=\"font-family: franklin-gothic-atf, sans-serif;\">Handgefertigt aus nat\u00fcrlichem Rehleder, sind diese Handschuhe eine elegante und langlebige Erg\u00e4nzung f\u00fcr das raue Wetter. Inspiriert von klassischem Design bringen diese Handschuhe eine einzigartige und hochwertige Erg\u00e4nzung zu Ihrer modernen Garderobe.<\/span><\/p>\n<p>&nbsp;<\/p>\n<p>Eigenschaften:<\/p>\n<ul>\n<li>Handgefertigt f\u00fcr eine hochwertige Qualit\u00e4t<\/li>\n<li>Inneres aus Naturleder<\/li>\n<li>Bel\u00fcftete Manschette f\u00fcr zus\u00e4tzlichen Komfort<\/li>\n<li><a href=\"https:\/\/franzderkaiser.com\/handschuhgroesse?lang=de\" target=\"_blank\" rel=\"noopener\">Gr\u00f6\u00dfentabelle<\/a><\/li>\n<\/ul>\n","protected":false},"excerpt":{"rendered":"<p><span style=\"font-family: franklin-gothic-atf, sans-serif;\">Naturleder<\/span><\/p>\n","protected":false},"featured_media":1310,"comment_status":"open","ping_status":"closed","template":"","meta":[],"product_brand":[],"product_cat":[83],"product_tag":[],"class_list":{"0":"post-1438","1":"product","2":"type-product","3":"status-publish","4":"has-post-thumbnail","6":"product_cat-hute-socken-schals","8":"first","9":"instock","10":"sale","11":"product-type-variable"},"jetpack_sharing_enabled":true,"_links":{"self":[{"href":"https:\/\/franzderkaiser.com\/de\/wp-json\/wp\/v2\/product\/1438","targetHints":{"allow":["GET"]}}],"collection":[{"href":"https:\/\/franzderkaiser.com\/de\/wp-json\/wp\/v2\/product"}],"about":[{"href":"https:\/\/franzderkaiser.com\/de\/wp-json\/wp\/v2\/types\/product"}],"replies":[{"embeddable":true,"href":"https:\/\/franzderkaiser.com\/de\/wp-json\/wp\/v2\/comments?post=1438"}],"wp:featuredmedia":[{"embeddable":true,"href":"https:\/\/franzderkaiser.com\/de\/wp-json\/wp\/v2\/media\/1310"}],"wp:attachment":[{"href":"https:\/\/franzderkaiser.com\/de\/wp-json\/wp\/v2\/media?parent=1438"}],"wp:term":[{"taxonomy":"product_brand","embeddable":true,"href":"https:\/\/franzderkaiser.com\/de\/wp-json\/wp\/v2\/product_brand?post=1438"},{"taxonomy":"product_cat","embeddable":true,"href":"https:\/\/franzderkaiser.com\/de\/wp-json\/wp\/v2\/product_cat?post=1438"},{"taxonomy":"product_tag","embeddable":true,"href":"https:\/\/franzderkaiser.com\/de\/wp-json\/wp\/v2\/product_tag?post=1438"}],"curies":[{"name":"wp","href":"https:\/\/api.w.org\/{rel}","templated":true}]}}