{"id":1459,"date":"2020-11-16T09:36:45","date_gmt":"2021-01-13T21:07:39","guid":{"rendered":"https:\/\/franzderkaiser.com\/produkt\/riedel-dof-set"},"modified":"2024-10-28T13:29:32","modified_gmt":"2024-10-28T13:29:32","slug":"sattler-dof-set","status":"publish","type":"product","link":"https:\/\/franzderkaiser.com\/de\/produkt\/sattler-dof-set\/","title":{"rendered":"Riedel DOF Set"},"content":{"rendered":"<p><span style=\"font-family: franklin-gothic-atf, sans-serif;\">Wir haben mit dem f\u00fchrenden Kristallhersteller \u00d6sterreichs zusammengearbeitet, um einen modernen und geschmackvollen Spin f\u00fcr die Hausbar zu liefern. Die Riedel Double-Old-Fashioned Gl\u00e4ser erg\u00e4nzen unser Sattler Mixing Set. Mit dem charakteristischen Riedel-Logo versehen, sind diese Gl\u00e4ser eine elegante Erg\u00e4nzung f\u00fcr jede heimische Bar-Sammlung.<\/span><\/p>\n<p>&nbsp;<\/p>\n","protected":false},"excerpt":{"rendered":"<p><span style=\"font-family: franklin-gothic-atf, sans-serif;\">2 DOF Gl\u00e4ser<\/span><\/p>\n","protected":false},"featured_media":2466,"comment_status":"open","ping_status":"closed","template":"","meta":[],"product_brand":[],"product_cat":[43],"product_tag":[],"class_list":{"0":"post-1459","1":"product","2":"type-product","3":"status-publish","4":"has-post-thumbnail","6":"product_cat-barware-accesories","8":"first","9":"instock","10":"product-type-simple"},"jetpack_sharing_enabled":true,"_links":{"self":[{"href":"https:\/\/franzderkaiser.com\/de\/wp-json\/wp\/v2\/product\/1459","targetHints":{"allow":["GET"]}}],"collection":[{"href":"https:\/\/franzderkaiser.com\/de\/wp-json\/wp\/v2\/product"}],"about":[{"href":"https:\/\/franzderkaiser.com\/de\/wp-json\/wp\/v2\/types\/product"}],"replies":[{"embeddable":true,"href":"https:\/\/franzderkaiser.com\/de\/wp-json\/wp\/v2\/comments?post=1459"}],"wp:featuredmedia":[{"embeddable":true,"href":"https:\/\/franzderkaiser.com\/de\/wp-json\/wp\/v2\/media\/2466"}],"wp:attachment":[{"href":"https:\/\/franzderkaiser.com\/de\/wp-json\/wp\/v2\/media?parent=1459"}],"wp:term":[{"taxonomy":"product_brand","embeddable":true,"href":"https:\/\/franzderkaiser.com\/de\/wp-json\/wp\/v2\/product_brand?post=1459"},{"taxonomy":"product_cat","embeddable":true,"href":"https:\/\/franzderkaiser.com\/de\/wp-json\/wp\/v2\/product_cat?post=1459"},{"taxonomy":"product_tag","embeddable":true,"href":"https:\/\/franzderkaiser.com\/de\/wp-json\/wp\/v2\/product_tag?post=1459"}],"curies":[{"name":"wp","href":"https:\/\/api.w.org\/{rel}","templated":true}]}}