{"id":1463,"date":"2020-11-15T13:03:14","date_gmt":"2021-01-13T21:10:59","guid":{"rendered":"https:\/\/franzderkaiser.com\/produkt\/sattler-mixing-set"},"modified":"2024-03-17T01:11:50","modified_gmt":"2024-03-17T01:11:50","slug":"sattler-mixing-glass-set","status":"publish","type":"product","link":"https:\/\/franzderkaiser.com\/de\/produkt\/sattler-mixing-glass-set\/","title":{"rendered":"Sattler Mixing Set"},"content":{"rendered":"<p><span style=\"font-family: franklin-gothic-atf, sans-serif;\">Erh\u00f6hen Sie Ihr Wohngef\u00fchl. Unser Sattler-Mixset ist ein stilvolles, eigenst\u00e4ndiges Cocktailset, das Ihrer modernen Hausbar zeitgem\u00e4\u00dfe Raffinesse verleiht. <\/span><\/p>\n<p>Enth\u00e4lt:<\/p>\n<ul>\n<li>1 Cocktail-R\u00fchrglas (650ml)<\/li>\n<li>1 Hochglanzpoliertes Cocktailsieb<\/li>\n<li>1 Hochglanzpolierter R\u00fchrl\u00f6ffel<\/li>\n<\/ul>\n<p>&nbsp;<\/p>\n","protected":false},"excerpt":{"rendered":"<p><span style=\"font-family: franklin-gothic-atf, sans-serif;\">3-teiliges Cocktail-Set<\/span><\/p>\n","protected":false},"featured_media":1396,"comment_status":"open","ping_status":"closed","template":"","meta":[],"product_brand":[],"product_cat":[43],"product_tag":[],"class_list":{"0":"post-1463","1":"product","2":"type-product","3":"status-publish","4":"has-post-thumbnail","6":"product_cat-barware-accesories","8":"first","9":"instock","10":"sale","11":"product-type-simple"},"jetpack_sharing_enabled":true,"_links":{"self":[{"href":"https:\/\/franzderkaiser.com\/de\/wp-json\/wp\/v2\/product\/1463","targetHints":{"allow":["GET"]}}],"collection":[{"href":"https:\/\/franzderkaiser.com\/de\/wp-json\/wp\/v2\/product"}],"about":[{"href":"https:\/\/franzderkaiser.com\/de\/wp-json\/wp\/v2\/types\/product"}],"replies":[{"embeddable":true,"href":"https:\/\/franzderkaiser.com\/de\/wp-json\/wp\/v2\/comments?post=1463"}],"wp:featuredmedia":[{"embeddable":true,"href":"https:\/\/franzderkaiser.com\/de\/wp-json\/wp\/v2\/media\/1396"}],"wp:attachment":[{"href":"https:\/\/franzderkaiser.com\/de\/wp-json\/wp\/v2\/media?parent=1463"}],"wp:term":[{"taxonomy":"product_brand","embeddable":true,"href":"https:\/\/franzderkaiser.com\/de\/wp-json\/wp\/v2\/product_brand?post=1463"},{"taxonomy":"product_cat","embeddable":true,"href":"https:\/\/franzderkaiser.com\/de\/wp-json\/wp\/v2\/product_cat?post=1463"},{"taxonomy":"product_tag","embeddable":true,"href":"https:\/\/franzderkaiser.com\/de\/wp-json\/wp\/v2\/product_tag?post=1463"}],"curies":[{"name":"wp","href":"https:\/\/api.w.org\/{rel}","templated":true}]}}