{"id":1471,"date":"2020-11-15T12:41:56","date_gmt":"2021-01-13T21:25:16","guid":{"rendered":"https:\/\/franzderkaiser.com\/produkt\/pebbled-leather-briefcase"},"modified":"2021-01-19T21:18:36","modified_gmt":"2021-01-19T21:18:36","slug":"aktentasche-aus-leder-mit-strukturierung","status":"publish","type":"product","link":"https:\/\/franzderkaiser.com\/de\/produkt\/aktentasche-aus-leder-mit-strukturierung\/","title":{"rendered":"Aktentasche aus Leder mit Strukturierung"},"content":{"rendered":"<p><span style=\"font-family: franklin-gothic-atf, sans-serif;\">Gemacht f\u00fcr den modernen Mann. Die fachm\u00e4nnisch aus strapazierf\u00e4higem Vollnarbenleder gefertigte Aktentasche bietet reichlich Stauraum und ist eine sch\u00f6ne und attraktive Erg\u00e4nzung f\u00fcr Ihren t\u00e4glichen Arbeitsweg.<br \/>\n<\/span><\/p>\n<p><span style=\"font-family: franklin-gothic-atf, sans-serif;\">Mehr zu diesem Produkt:<\/span><\/p>\n<ul>\n<li><span style=\"font-family: franklin-gothic-atf, sans-serif;\">Flache Seitentasche mit Rei\u00dfverschluss<\/span><\/li>\n<li><span style=\"font-family: franklin-gothic-atf, sans-serif;\">Schlanke Innentaschen mit Rei\u00dfverschluss<\/span><\/li>\n<li><span style=\"font-family: franklin-gothic-atf, sans-serif;\">Verstellbarer Schultergurt<\/span><\/li>\n<li><span style=\"font-family: franklin-gothic-atf, sans-serif;\">Dunkle gun-metal Beschl\u00e4ge und Armaturen<\/span><\/li>\n<li><span style=\"font-family: franklin-gothic-atf, sans-serif;\">Ma\u00dfe: 38,5cm x 29cm x 4cm<\/span><\/li>\n<\/ul>\n","protected":false},"excerpt":{"rendered":"<p>Schwarzes gek\u00f6rntes Leder<\/p>\n","protected":false},"featured_media":1364,"comment_status":"open","ping_status":"closed","template":"","meta":[],"product_brand":[],"product_cat":[42],"product_tag":[],"class_list":{"0":"post-1471","1":"product","2":"type-product","3":"status-publish","4":"has-post-thumbnail","6":"product_cat-taschen","8":"first","9":"instock","10":"product-type-simple"},"jetpack_sharing_enabled":true,"_links":{"self":[{"href":"https:\/\/franzderkaiser.com\/de\/wp-json\/wp\/v2\/product\/1471","targetHints":{"allow":["GET"]}}],"collection":[{"href":"https:\/\/franzderkaiser.com\/de\/wp-json\/wp\/v2\/product"}],"about":[{"href":"https:\/\/franzderkaiser.com\/de\/wp-json\/wp\/v2\/types\/product"}],"replies":[{"embeddable":true,"href":"https:\/\/franzderkaiser.com\/de\/wp-json\/wp\/v2\/comments?post=1471"}],"wp:featuredmedia":[{"embeddable":true,"href":"https:\/\/franzderkaiser.com\/de\/wp-json\/wp\/v2\/media\/1364"}],"wp:attachment":[{"href":"https:\/\/franzderkaiser.com\/de\/wp-json\/wp\/v2\/media?parent=1471"}],"wp:term":[{"taxonomy":"product_brand","embeddable":true,"href":"https:\/\/franzderkaiser.com\/de\/wp-json\/wp\/v2\/product_brand?post=1471"},{"taxonomy":"product_cat","embeddable":true,"href":"https:\/\/franzderkaiser.com\/de\/wp-json\/wp\/v2\/product_cat?post=1471"},{"taxonomy":"product_tag","embeddable":true,"href":"https:\/\/franzderkaiser.com\/de\/wp-json\/wp\/v2\/product_tag?post=1471"}],"curies":[{"name":"wp","href":"https:\/\/api.w.org\/{rel}","templated":true}]}}