{"id":1475,"date":"2020-11-15T12:47:34","date_gmt":"2021-01-13T21:31:59","guid":{"rendered":"https:\/\/franzderkaiser.com\/produkt\/leather-billfold-wallet"},"modified":"2021-07-25T00:05:34","modified_gmt":"2021-07-25T00:05:34","slug":"wallet","status":"publish","type":"product","link":"https:\/\/franzderkaiser.com\/de\/produkt\/wallet\/","title":{"rendered":"Billfold Leder-Geldb\u00f6rse"},"content":{"rendered":"<p>A timeless essential. Dieses Portemonnaie ist so konzipiert, dass es f\u00fcr optimale Benutzerfreundlichkeit leicht ist. Gefertigt aus strapazierf\u00e4higem Vollnarbenleder und mit unserem charakteristischen FDK-Diamantmonogramm versehen, ist diese Geldb\u00f6rse eine R\u00fcckkehr zum klassischen Stil und ein traditionelles Basic f\u00fcr Ihre t\u00e4glichen Accessoires.<\/p>\n<p>Mehr zu diesem Produkt:<\/p>\n<ul>\n<li>Leichtes Gewicht und weiches Leder<\/li>\n<li>Gro\u00dfes M\u00fcnzetui<\/li>\n<li>Mehrere Kartenhalter<\/li>\n<li>F\u00fchr gro\u00dfe Euro (\u20ac)-, U.S. Dollar ($)- und Britische Pfund (\u00a3)-Noten geeignet<\/li>\n<\/ul>\n","protected":false},"excerpt":{"rendered":"<p><span style=\"font-family: franklin-gothic-atf, sans-serif;\">Schwarzes gek\u00f6rntes Leder<\/span><\/p>\n","protected":false},"featured_media":3269,"comment_status":"open","ping_status":"closed","template":"","meta":[],"product_brand":[],"product_cat":[49],"product_tag":[],"class_list":{"0":"post-1475","1":"product","2":"type-product","3":"status-publish","4":"has-post-thumbnail","6":"product_cat-geldtaschen-accessoires","8":"first","9":"instock","10":"product-type-simple"},"jetpack_sharing_enabled":true,"_links":{"self":[{"href":"https:\/\/franzderkaiser.com\/de\/wp-json\/wp\/v2\/product\/1475","targetHints":{"allow":["GET"]}}],"collection":[{"href":"https:\/\/franzderkaiser.com\/de\/wp-json\/wp\/v2\/product"}],"about":[{"href":"https:\/\/franzderkaiser.com\/de\/wp-json\/wp\/v2\/types\/product"}],"replies":[{"embeddable":true,"href":"https:\/\/franzderkaiser.com\/de\/wp-json\/wp\/v2\/comments?post=1475"}],"wp:featuredmedia":[{"embeddable":true,"href":"https:\/\/franzderkaiser.com\/de\/wp-json\/wp\/v2\/media\/3269"}],"wp:attachment":[{"href":"https:\/\/franzderkaiser.com\/de\/wp-json\/wp\/v2\/media?parent=1475"}],"wp:term":[{"taxonomy":"product_brand","embeddable":true,"href":"https:\/\/franzderkaiser.com\/de\/wp-json\/wp\/v2\/product_brand?post=1475"},{"taxonomy":"product_cat","embeddable":true,"href":"https:\/\/franzderkaiser.com\/de\/wp-json\/wp\/v2\/product_cat?post=1475"},{"taxonomy":"product_tag","embeddable":true,"href":"https:\/\/franzderkaiser.com\/de\/wp-json\/wp\/v2\/product_tag?post=1475"}],"curies":[{"name":"wp","href":"https:\/\/api.w.org\/{rel}","templated":true}]}}