{"id":1532,"date":"2020-11-15T12:49:07","date_gmt":"2021-01-14T12:59:47","guid":{"rendered":"https:\/\/franzderkaiser.com\/produkt\/kaschmirgefuetterte-herrenhandschuhe-aus-wildleder"},"modified":"2024-03-17T02:17:32","modified_gmt":"2024-03-17T02:17:32","slug":"wildleder-kaschmir-handschuhe","status":"publish","type":"product","link":"https:\/\/franzderkaiser.com\/de\/produkt\/wildleder-kaschmir-handschuhe\/","title":{"rendered":"Kaschmirgef\u00fctterte Herrenhandschuhe aus Wildleder"},"content":{"rendered":"<p><span style=\"font-family: franklin-gothic-atf, sans-serif;\">Eine gehobene Erg\u00e4nzung f\u00fcr Ihre Garderobe. Unsere Wildlederhandschuhe sind mit hochwertigen Kaschmir gef\u00fcttert und mit einer nat\u00fcrlichen Walnussbr\u00fcnierung versehen, was jedem St\u00fcck seine eigene tiefe Schichtung von Farbe, Textur und pers\u00f6nlichem Stil verleiht.<\/span><\/p>\n<p>Mehr zu diesem Produkt:<\/p>\n<ul>\n<li>Maschinell gefertigt f\u00fcr eine pr\u00e4zise Passform<\/li>\n<li>Innen mit Kaschmir gef\u00fcttert<\/li>\n<li>Zus\u00e4tzliche seitliche Bel\u00fcftungs\u00f6ffnungen f\u00fcr mehr Komfort<\/li>\n<li><a href=\"https:\/\/franzderkaiser.com\/handschuhgroesse?lang=de\" target=\"_blank\" rel=\"noopener\">Gr\u00f6\u00dfentabelle<\/a><\/li>\n<\/ul>\n","protected":false},"excerpt":{"rendered":"<p><span style=\"font-family: franklin-gothic-atf, sans-serif;\">Wildleder Walnuss<\/span><\/p>\n","protected":false},"featured_media":1385,"comment_status":"open","ping_status":"closed","template":"","meta":[],"product_brand":[],"product_cat":[83],"product_tag":[],"class_list":{"0":"post-1532","1":"product","2":"type-product","3":"status-publish","4":"has-post-thumbnail","6":"product_cat-hute-socken-schals","8":"first","9":"instock","10":"product-type-variable"},"jetpack_sharing_enabled":true,"_links":{"self":[{"href":"https:\/\/franzderkaiser.com\/de\/wp-json\/wp\/v2\/product\/1532","targetHints":{"allow":["GET"]}}],"collection":[{"href":"https:\/\/franzderkaiser.com\/de\/wp-json\/wp\/v2\/product"}],"about":[{"href":"https:\/\/franzderkaiser.com\/de\/wp-json\/wp\/v2\/types\/product"}],"replies":[{"embeddable":true,"href":"https:\/\/franzderkaiser.com\/de\/wp-json\/wp\/v2\/comments?post=1532"}],"wp:featuredmedia":[{"embeddable":true,"href":"https:\/\/franzderkaiser.com\/de\/wp-json\/wp\/v2\/media\/1385"}],"wp:attachment":[{"href":"https:\/\/franzderkaiser.com\/de\/wp-json\/wp\/v2\/media?parent=1532"}],"wp:term":[{"taxonomy":"product_brand","embeddable":true,"href":"https:\/\/franzderkaiser.com\/de\/wp-json\/wp\/v2\/product_brand?post=1532"},{"taxonomy":"product_cat","embeddable":true,"href":"https:\/\/franzderkaiser.com\/de\/wp-json\/wp\/v2\/product_cat?post=1532"},{"taxonomy":"product_tag","embeddable":true,"href":"https:\/\/franzderkaiser.com\/de\/wp-json\/wp\/v2\/product_tag?post=1532"}],"curies":[{"name":"wp","href":"https:\/\/api.w.org\/{rel}","templated":true}]}}