{"id":1602,"date":"2020-11-15T12:42:13","date_gmt":"2021-01-15T11:11:33","guid":{"rendered":"https:\/\/franzderkaiser.com\/produkt\/heritage-fdk-markttasche"},"modified":"2021-05-30T21:56:48","modified_gmt":"2021-05-30T21:56:48","slug":"shopper-bag","status":"publish","type":"product","link":"https:\/\/franzderkaiser.com\/de\/produkt\/shopper-bag\/","title":{"rendered":"Heritage FDK Markttasche"},"content":{"rendered":"<p><span style=\"font-family: franklin-gothic-atf, sans-serif;\">Eine robuste und stilvolle Markttasche mit einem Hauch von Jugendstil, inspiriert von der Kultur der Wiener Sezession und der klassischen Arbeitskleidung des fr\u00fchen 20<sup>.<\/sup> Jahrhunderts. Diese aus schwerem Baumwoll-Canvas geschnittene und mit Griffen aus Vollnarbenleder versehene Tragetasche zeigt unser Heritage FDK-Monogramm.<\/span><\/p>\n<p><span style=\"font-family: franklin-gothic-atf, sans-serif;\">Mehr zu diesem Produkt:<\/span><\/p>\n<ul>\n<li><span style=\"font-family: franklin-gothic-atf, sans-serif;\">Mit einer Innentasche versehen<\/span><\/li>\n<li><span style=\"font-family: franklin-gothic-atf, sans-serif;\">Tragegriffe aus Leder<\/span><\/li>\n<li><span style=\"font-family: franklin-gothic-atf, sans-serif;\">80 cm langer Riemen mit einer Falll\u00e4nge von 40 cm<\/span><\/li>\n<\/ul>\n<p>Ihr Kauf unterst\u00fctzt lokale, etablierte und aufstrebende K\u00fcnstler. Mit jedem Artikel aus unserer Heritage FDK-Kollektion werden k\u00fcnstlerische und kulturelle Talente durch unsere FDK-Kunst- und Kulturf\u00f6rderung unterst\u00fctzt. 10 % aller Verk\u00e4ufe flie\u00dfen in die kontinuierliche F\u00f6rderung, Feier und Erhaltung der K\u00fcnste.<\/p>\n","protected":false},"excerpt":{"rendered":"<p><span style=\"font-family: franklin-gothic-atf, sans-serif;\">Canvas Tote<\/span><\/p>\n","protected":false},"featured_media":1343,"comment_status":"open","ping_status":"closed","template":"","meta":[],"product_brand":[],"product_cat":[42],"product_tag":[],"class_list":{"0":"post-1602","1":"product","2":"type-product","3":"status-publish","4":"has-post-thumbnail","6":"product_cat-taschen","8":"first","9":"instock","10":"sale","11":"product-type-simple"},"jetpack_sharing_enabled":true,"_links":{"self":[{"href":"https:\/\/franzderkaiser.com\/de\/wp-json\/wp\/v2\/product\/1602","targetHints":{"allow":["GET"]}}],"collection":[{"href":"https:\/\/franzderkaiser.com\/de\/wp-json\/wp\/v2\/product"}],"about":[{"href":"https:\/\/franzderkaiser.com\/de\/wp-json\/wp\/v2\/types\/product"}],"replies":[{"embeddable":true,"href":"https:\/\/franzderkaiser.com\/de\/wp-json\/wp\/v2\/comments?post=1602"}],"wp:featuredmedia":[{"embeddable":true,"href":"https:\/\/franzderkaiser.com\/de\/wp-json\/wp\/v2\/media\/1343"}],"wp:attachment":[{"href":"https:\/\/franzderkaiser.com\/de\/wp-json\/wp\/v2\/media?parent=1602"}],"wp:term":[{"taxonomy":"product_brand","embeddable":true,"href":"https:\/\/franzderkaiser.com\/de\/wp-json\/wp\/v2\/product_brand?post=1602"},{"taxonomy":"product_cat","embeddable":true,"href":"https:\/\/franzderkaiser.com\/de\/wp-json\/wp\/v2\/product_cat?post=1602"},{"taxonomy":"product_tag","embeddable":true,"href":"https:\/\/franzderkaiser.com\/de\/wp-json\/wp\/v2\/product_tag?post=1602"}],"curies":[{"name":"wp","href":"https:\/\/api.w.org\/{rel}","templated":true}]}}