{"id":2187,"date":"2021-05-30T13:18:23","date_gmt":"2021-05-30T21:45:51","guid":{"rendered":"https:\/\/franzderkaiser.com\/product\/solide-navy-krawatte"},"modified":"2021-05-30T21:45:51","modified_gmt":"2021-05-30T21:45:51","slug":"solid-navy-krawatte","status":"publish","type":"product","link":"https:\/\/franzderkaiser.com\/de\/produkt\/solid-navy-krawatte\/","title":{"rendered":"Solide Navy Krawatte"},"content":{"rendered":"<p>Dieses Teil aus leichtem Poly-Blend-Material, das eine dauerhafte und knitterfreie Tragbarkeit gew\u00e4hrleistet, ist ein klassisches und leicht zu tragendes Kleidungsst\u00fcck f\u00fcr die t\u00e4gliche Arbeitskleidung.<span class=\"Apple-converted-space\"> <\/span><\/p>\n","protected":false},"excerpt":{"rendered":"<p>Dieses Teil aus leichtem Poly-Blend-Material, das eine dauerhafte und knitterfreie Tragbarkeit gew\u00e4hrleistet, ist ein klassisches und leicht zu tragendes Kleidungsst\u00fcck f\u00fcr die t\u00e4gliche Arbeitskleidung.<\/p>\n","protected":false},"featured_media":2061,"comment_status":"open","ping_status":"closed","template":"","meta":[],"product_brand":[],"product_cat":[78],"product_tag":[],"class_list":{"0":"post-2187","1":"product","2":"type-product","3":"status-publish","4":"has-post-thumbnail","6":"product_cat-krawattan-bowties","8":"first","9":"instock","10":"taxable","11":"shipping-taxable","12":"product-type-simple"},"jetpack_sharing_enabled":true,"_links":{"self":[{"href":"https:\/\/franzderkaiser.com\/de\/wp-json\/wp\/v2\/product\/2187","targetHints":{"allow":["GET"]}}],"collection":[{"href":"https:\/\/franzderkaiser.com\/de\/wp-json\/wp\/v2\/product"}],"about":[{"href":"https:\/\/franzderkaiser.com\/de\/wp-json\/wp\/v2\/types\/product"}],"replies":[{"embeddable":true,"href":"https:\/\/franzderkaiser.com\/de\/wp-json\/wp\/v2\/comments?post=2187"}],"wp:featuredmedia":[{"embeddable":true,"href":"https:\/\/franzderkaiser.com\/de\/wp-json\/wp\/v2\/media\/2061"}],"wp:attachment":[{"href":"https:\/\/franzderkaiser.com\/de\/wp-json\/wp\/v2\/media?parent=2187"}],"wp:term":[{"taxonomy":"product_brand","embeddable":true,"href":"https:\/\/franzderkaiser.com\/de\/wp-json\/wp\/v2\/product_brand?post=2187"},{"taxonomy":"product_cat","embeddable":true,"href":"https:\/\/franzderkaiser.com\/de\/wp-json\/wp\/v2\/product_cat?post=2187"},{"taxonomy":"product_tag","embeddable":true,"href":"https:\/\/franzderkaiser.com\/de\/wp-json\/wp\/v2\/product_tag?post=2187"}],"curies":[{"name":"wp","href":"https:\/\/api.w.org\/{rel}","templated":true}]}}