{"id":2197,"date":"2021-05-30T15:24:43","date_gmt":"2021-05-30T21:47:43","guid":{"rendered":"https:\/\/franzderkaiser.com\/product\/navy-paisley-seidenschal"},"modified":"2021-05-30T21:47:43","modified_gmt":"2021-05-30T21:47:43","slug":"marine-paisley-seidenschal","status":"publish","type":"product","link":"https:\/\/franzderkaiser.com\/de\/produkt\/marine-paisley-seidenschal\/","title":{"rendered":"Navy Paisley Seidenschal"},"content":{"rendered":"<p>Inspiriert von klassischem Design mit hoher Taille ist dieser Schal aus feiner Seide handgefertigt und ein stilvolles St\u00fcck f\u00fcr die allt\u00e4gliche Garderobe.<span class=\"Apple-converted-space\"> <\/span><\/p>\n<p>&nbsp;<\/p>\n<p>&nbsp;<\/p>\n","protected":false},"excerpt":{"rendered":"<p>Inspiriert von klassischem Design mit hoher Taille ist dieser Schal aus feiner Seide handgefertigt und ein stilvolles St\u00fcck f\u00fcr die allt\u00e4gliche Garderobe. &nbsp; &nbsp;<\/p>\n","protected":false},"featured_media":2096,"comment_status":"open","ping_status":"closed","template":"","meta":[],"product_brand":[],"product_cat":[83],"product_tag":[],"class_list":{"0":"post-2197","1":"product","2":"type-product","3":"status-publish","4":"has-post-thumbnail","6":"product_cat-hute-socken-schals","8":"first","9":"instock","10":"taxable","11":"shipping-taxable","12":"product-type-simple"},"jetpack_sharing_enabled":true,"_links":{"self":[{"href":"https:\/\/franzderkaiser.com\/de\/wp-json\/wp\/v2\/product\/2197","targetHints":{"allow":["GET"]}}],"collection":[{"href":"https:\/\/franzderkaiser.com\/de\/wp-json\/wp\/v2\/product"}],"about":[{"href":"https:\/\/franzderkaiser.com\/de\/wp-json\/wp\/v2\/types\/product"}],"replies":[{"embeddable":true,"href":"https:\/\/franzderkaiser.com\/de\/wp-json\/wp\/v2\/comments?post=2197"}],"wp:featuredmedia":[{"embeddable":true,"href":"https:\/\/franzderkaiser.com\/de\/wp-json\/wp\/v2\/media\/2096"}],"wp:attachment":[{"href":"https:\/\/franzderkaiser.com\/de\/wp-json\/wp\/v2\/media?parent=2197"}],"wp:term":[{"taxonomy":"product_brand","embeddable":true,"href":"https:\/\/franzderkaiser.com\/de\/wp-json\/wp\/v2\/product_brand?post=2197"},{"taxonomy":"product_cat","embeddable":true,"href":"https:\/\/franzderkaiser.com\/de\/wp-json\/wp\/v2\/product_cat?post=2197"},{"taxonomy":"product_tag","embeddable":true,"href":"https:\/\/franzderkaiser.com\/de\/wp-json\/wp\/v2\/product_tag?post=2197"}],"curies":[{"name":"wp","href":"https:\/\/api.w.org\/{rel}","templated":true}]}}