{"id":2200,"date":"2021-05-30T14:32:42","date_gmt":"2021-05-30T21:48:11","guid":{"rendered":"https:\/\/franzderkaiser.com\/product\/gruene-blumenkrawatte"},"modified":"2021-05-30T21:48:11","modified_gmt":"2021-05-30T21:48:11","slug":"grun-blumige-krawatte","status":"publish","type":"product","link":"https:\/\/franzderkaiser.com\/de\/produkt\/grun-blumige-krawatte\/","title":{"rendered":"Gr\u00fcne Blumenkrawatte"},"content":{"rendered":"<p>Diese Krawatte wurde von traditionellem Modedesign inspiriert und besteht aus leichtem Poly-Blend-Material, das eine dauerhafte und knitterfreie Tragbarkeit gew\u00e4hrleistet. Sie ist ein Klassiker f\u00fcr die t\u00e4gliche Arbeitskleidung.<span class=\"Apple-converted-space\"> <\/span><\/p>\n","protected":false},"excerpt":{"rendered":"<p>Diese Krawatte wurde von traditionellem Modedesign inspiriert und besteht aus leichtem Poly-Blend-Material, das eine dauerhafte und knitterfreie Tragbarkeit gew\u00e4hrleistet. Sie ist ein Klassiker f\u00fcr die t\u00e4gliche Arbeitskleidung.<\/p>\n","protected":false},"featured_media":2072,"comment_status":"open","ping_status":"closed","template":"","meta":[],"product_brand":[],"product_cat":[78],"product_tag":[],"class_list":{"0":"post-2200","1":"product","2":"type-product","3":"status-publish","4":"has-post-thumbnail","6":"product_cat-krawattan-bowties","8":"first","9":"instock","10":"taxable","11":"shipping-taxable","12":"product-type-simple"},"jetpack_sharing_enabled":true,"_links":{"self":[{"href":"https:\/\/franzderkaiser.com\/de\/wp-json\/wp\/v2\/product\/2200","targetHints":{"allow":["GET"]}}],"collection":[{"href":"https:\/\/franzderkaiser.com\/de\/wp-json\/wp\/v2\/product"}],"about":[{"href":"https:\/\/franzderkaiser.com\/de\/wp-json\/wp\/v2\/types\/product"}],"replies":[{"embeddable":true,"href":"https:\/\/franzderkaiser.com\/de\/wp-json\/wp\/v2\/comments?post=2200"}],"wp:featuredmedia":[{"embeddable":true,"href":"https:\/\/franzderkaiser.com\/de\/wp-json\/wp\/v2\/media\/2072"}],"wp:attachment":[{"href":"https:\/\/franzderkaiser.com\/de\/wp-json\/wp\/v2\/media?parent=2200"}],"wp:term":[{"taxonomy":"product_brand","embeddable":true,"href":"https:\/\/franzderkaiser.com\/de\/wp-json\/wp\/v2\/product_brand?post=2200"},{"taxonomy":"product_cat","embeddable":true,"href":"https:\/\/franzderkaiser.com\/de\/wp-json\/wp\/v2\/product_cat?post=2200"},{"taxonomy":"product_tag","embeddable":true,"href":"https:\/\/franzderkaiser.com\/de\/wp-json\/wp\/v2\/product_tag?post=2200"}],"curies":[{"name":"wp","href":"https:\/\/api.w.org\/{rel}","templated":true}]}}