{"id":2205,"date":"2021-05-30T14:29:35","date_gmt":"2021-05-30T21:49:58","guid":{"rendered":"https:\/\/franzderkaiser.com\/product\/rot-gestreifte-repp-krawatte"},"modified":"2023-11-29T02:12:16","modified_gmt":"2023-11-29T02:12:16","slug":"rot-gestreifte-repp-krawatte","status":"publish","type":"product","link":"https:\/\/franzderkaiser.com\/de\/produkt\/rot-gestreifte-repp-krawatte\/","title":{"rendered":"Rot gestreifte Repp Krawatte"},"content":{"rendered":"<p>Inspiriert vom klassischen Regimentsdesign ist diese Repp-Krawatte aus leichtem Poly-Blend-Material gefertigt, das eine dauerhafte und knitterfreie Tragbarkeit gew\u00e4hrleistet. Ein stilvolles Statement f\u00fcr allt\u00e4gliche Arbeitskleidung.<span class=\"Apple-converted-space\"> <\/span><\/p>\n","protected":false},"excerpt":{"rendered":"<p>Inspiriert vom klassischen Regimentsdesign ist diese Repp-Krawatte aus leichtem Poly-Blend-Material gefertigt, das eine dauerhafte und knitterfreie Tragbarkeit gew\u00e4hrleistet. Ein stilvolles Statement f\u00fcr allt\u00e4gliche Arbeitskleidung.<\/p>\n","protected":false},"featured_media":2074,"comment_status":"open","ping_status":"closed","template":"","meta":[],"product_brand":[],"product_cat":[78],"product_tag":[],"class_list":{"0":"post-2205","1":"product","2":"type-product","3":"status-publish","4":"has-post-thumbnail","6":"product_cat-krawattan-bowties","8":"first","9":"instock","10":"taxable","11":"shipping-taxable","12":"product-type-simple"},"jetpack_sharing_enabled":true,"_links":{"self":[{"href":"https:\/\/franzderkaiser.com\/de\/wp-json\/wp\/v2\/product\/2205","targetHints":{"allow":["GET"]}}],"collection":[{"href":"https:\/\/franzderkaiser.com\/de\/wp-json\/wp\/v2\/product"}],"about":[{"href":"https:\/\/franzderkaiser.com\/de\/wp-json\/wp\/v2\/types\/product"}],"replies":[{"embeddable":true,"href":"https:\/\/franzderkaiser.com\/de\/wp-json\/wp\/v2\/comments?post=2205"}],"wp:featuredmedia":[{"embeddable":true,"href":"https:\/\/franzderkaiser.com\/de\/wp-json\/wp\/v2\/media\/2074"}],"wp:attachment":[{"href":"https:\/\/franzderkaiser.com\/de\/wp-json\/wp\/v2\/media?parent=2205"}],"wp:term":[{"taxonomy":"product_brand","embeddable":true,"href":"https:\/\/franzderkaiser.com\/de\/wp-json\/wp\/v2\/product_brand?post=2205"},{"taxonomy":"product_cat","embeddable":true,"href":"https:\/\/franzderkaiser.com\/de\/wp-json\/wp\/v2\/product_cat?post=2205"},{"taxonomy":"product_tag","embeddable":true,"href":"https:\/\/franzderkaiser.com\/de\/wp-json\/wp\/v2\/product_tag?post=2205"}],"curies":[{"name":"wp","href":"https:\/\/api.w.org\/{rel}","templated":true}]}}