{"id":2215,"date":"2021-05-27T19:53:01","date_gmt":"2021-05-30T21:56:21","guid":{"rendered":"https:\/\/franzderkaiser.com\/product\/art-deco-franzoesischer-eiskuebel"},"modified":"2021-06-26T10:07:59","modified_gmt":"2021-06-26T10:07:59","slug":"art-deco-franzosisch-eiskubel","status":"publish","type":"product","link":"https:\/\/franzderkaiser.com\/de\/produkt\/art-deco-franzosisch-eiskubel\/","title":{"rendered":"Art Deco Franz\u00f6sischer Eisk\u00fcbel"},"content":{"rendered":"<p>Eine von Hand kuratierte Vintage-Auswahl: Dieses St\u00fcck ist ein klassisches Beispiel f\u00fcr franz\u00f6sisches Art Deco und verf\u00fcgt \u00fcber eine wundersch\u00f6ne Versilberung neben von der Muschel inspirierten Griffen, die beispielhaft f\u00fcr ikonische Stilisierungen aus der Zeit sind.<span class=\"Apple-converted-space\"> <\/span><\/p>\n","protected":false},"excerpt":{"rendered":"<p>FDK\u2502Vintage &amp; Co.<\/p>\n","protected":false},"featured_media":1902,"comment_status":"open","ping_status":"closed","template":"","meta":[],"product_brand":[],"product_cat":[43],"product_tag":[],"class_list":{"0":"post-2215","1":"product","2":"type-product","3":"status-publish","4":"has-post-thumbnail","6":"product_cat-barware-accesories","8":"first","9":"instock","10":"taxable","11":"shipping-taxable","12":"product-type-simple"},"jetpack_sharing_enabled":true,"_links":{"self":[{"href":"https:\/\/franzderkaiser.com\/de\/wp-json\/wp\/v2\/product\/2215","targetHints":{"allow":["GET"]}}],"collection":[{"href":"https:\/\/franzderkaiser.com\/de\/wp-json\/wp\/v2\/product"}],"about":[{"href":"https:\/\/franzderkaiser.com\/de\/wp-json\/wp\/v2\/types\/product"}],"replies":[{"embeddable":true,"href":"https:\/\/franzderkaiser.com\/de\/wp-json\/wp\/v2\/comments?post=2215"}],"wp:featuredmedia":[{"embeddable":true,"href":"https:\/\/franzderkaiser.com\/de\/wp-json\/wp\/v2\/media\/1902"}],"wp:attachment":[{"href":"https:\/\/franzderkaiser.com\/de\/wp-json\/wp\/v2\/media?parent=2215"}],"wp:term":[{"taxonomy":"product_brand","embeddable":true,"href":"https:\/\/franzderkaiser.com\/de\/wp-json\/wp\/v2\/product_brand?post=2215"},{"taxonomy":"product_cat","embeddable":true,"href":"https:\/\/franzderkaiser.com\/de\/wp-json\/wp\/v2\/product_cat?post=2215"},{"taxonomy":"product_tag","embeddable":true,"href":"https:\/\/franzderkaiser.com\/de\/wp-json\/wp\/v2\/product_tag?post=2215"}],"curies":[{"name":"wp","href":"https:\/\/api.w.org\/{rel}","templated":true}]}}