{"id":2216,"date":"2021-05-27T15:56:46","date_gmt":"2021-05-30T21:56:21","guid":{"rendered":"https:\/\/franzderkaiser.com\/product\/leder-reissverschluss-brieftasche"},"modified":"2021-06-26T10:08:33","modified_gmt":"2021-06-26T10:08:33","slug":"leder-reisverschluss-brieftasche","status":"publish","type":"product","link":"https:\/\/franzderkaiser.com\/de\/produkt\/leder-reisverschluss-brieftasche\/","title":{"rendered":"Leder Rei\u00dfverschluss Brieftasche"},"content":{"rendered":"<p>Eine handkuratierte Vintage-Auswahl: Dieses aus Vollnarbenleder gefertigte St\u00fcck verf\u00fcgt \u00fcber einen durchgehenden Rei\u00dfverschluss sowie stilisierte Notationen, die f\u00fcr klassische britische Lederteile charakteristisch sind. Dieses St\u00fcck befindet sich in ausgezeichnetem Vintage Zustand und ist im Vergleich zu modernen Lederaccessoires ein wirklich einzigartiges St\u00fcck.<span class=\"Apple-converted-space\"> <\/span><\/p>\n","protected":false},"excerpt":{"rendered":"<p>FDK\u2502Vintage &amp; Co.<\/p>\n","protected":false},"featured_media":1886,"comment_status":"open","ping_status":"closed","template":"","meta":[],"product_brand":[],"product_cat":[49],"product_tag":[],"class_list":{"0":"post-2216","1":"product","2":"type-product","3":"status-publish","4":"has-post-thumbnail","6":"product_cat-geldtaschen-accessoires","8":"first","9":"instock","10":"taxable","11":"shipping-taxable","12":"product-type-simple"},"jetpack_sharing_enabled":true,"_links":{"self":[{"href":"https:\/\/franzderkaiser.com\/de\/wp-json\/wp\/v2\/product\/2216","targetHints":{"allow":["GET"]}}],"collection":[{"href":"https:\/\/franzderkaiser.com\/de\/wp-json\/wp\/v2\/product"}],"about":[{"href":"https:\/\/franzderkaiser.com\/de\/wp-json\/wp\/v2\/types\/product"}],"replies":[{"embeddable":true,"href":"https:\/\/franzderkaiser.com\/de\/wp-json\/wp\/v2\/comments?post=2216"}],"wp:featuredmedia":[{"embeddable":true,"href":"https:\/\/franzderkaiser.com\/de\/wp-json\/wp\/v2\/media\/1886"}],"wp:attachment":[{"href":"https:\/\/franzderkaiser.com\/de\/wp-json\/wp\/v2\/media?parent=2216"}],"wp:term":[{"taxonomy":"product_brand","embeddable":true,"href":"https:\/\/franzderkaiser.com\/de\/wp-json\/wp\/v2\/product_brand?post=2216"},{"taxonomy":"product_cat","embeddable":true,"href":"https:\/\/franzderkaiser.com\/de\/wp-json\/wp\/v2\/product_cat?post=2216"},{"taxonomy":"product_tag","embeddable":true,"href":"https:\/\/franzderkaiser.com\/de\/wp-json\/wp\/v2\/product_tag?post=2216"}],"curies":[{"name":"wp","href":"https:\/\/api.w.org\/{rel}","templated":true}]}}