{"id":2231,"date":"2021-05-26T10:28:48","date_gmt":"2021-05-30T21:56:34","guid":{"rendered":"https:\/\/franzderkaiser.com\/product\/stretch-baumwolle-canvas-guertel"},"modified":"2021-06-26T10:14:25","modified_gmt":"2021-06-26T10:14:25","slug":"stretch-baumwoll-canvas-gurtel","status":"publish","type":"product","link":"https:\/\/franzderkaiser.com\/de\/produkt\/stretch-baumwoll-canvas-gurtel\/","title":{"rendered":"Stretch Baumwolle Canvas G\u00fcrtel"},"content":{"rendered":"<p>Dieser G\u00fcrtel ist aus strapazierf\u00e4higer Stretch-Baumwolle gefertigt und mit Vollnarbenleder besetzt. Er verleiht der allt\u00e4glichen Garderobe einen l\u00e4ssigen und klassischen Touch.<span class=\"Apple-converted-space\"> <\/span><\/p>\n","protected":false},"excerpt":{"rendered":"<p>Dieser G\u00fcrtel ist aus strapazierf\u00e4higer Stretch-Baumwolle gefertigt und mit Vollnarbenleder besetzt. Er verleiht der allt\u00e4glichen Garderobe einen l\u00e4ssigen und klassischen Touch.<\/p>\n","protected":false},"featured_media":1822,"comment_status":"open","ping_status":"closed","template":"","meta":[],"product_brand":[],"product_cat":[80],"product_tag":[],"class_list":{"0":"post-2231","1":"product","2":"type-product","3":"status-publish","4":"has-post-thumbnail","6":"product_cat-gurtel-hosentrager","8":"first","9":"instock","10":"taxable","11":"shipping-taxable","12":"product-type-variable"},"jetpack_sharing_enabled":true,"_links":{"self":[{"href":"https:\/\/franzderkaiser.com\/de\/wp-json\/wp\/v2\/product\/2231","targetHints":{"allow":["GET"]}}],"collection":[{"href":"https:\/\/franzderkaiser.com\/de\/wp-json\/wp\/v2\/product"}],"about":[{"href":"https:\/\/franzderkaiser.com\/de\/wp-json\/wp\/v2\/types\/product"}],"replies":[{"embeddable":true,"href":"https:\/\/franzderkaiser.com\/de\/wp-json\/wp\/v2\/comments?post=2231"}],"wp:featuredmedia":[{"embeddable":true,"href":"https:\/\/franzderkaiser.com\/de\/wp-json\/wp\/v2\/media\/1822"}],"wp:attachment":[{"href":"https:\/\/franzderkaiser.com\/de\/wp-json\/wp\/v2\/media?parent=2231"}],"wp:term":[{"taxonomy":"product_brand","embeddable":true,"href":"https:\/\/franzderkaiser.com\/de\/wp-json\/wp\/v2\/product_brand?post=2231"},{"taxonomy":"product_cat","embeddable":true,"href":"https:\/\/franzderkaiser.com\/de\/wp-json\/wp\/v2\/product_cat?post=2231"},{"taxonomy":"product_tag","embeddable":true,"href":"https:\/\/franzderkaiser.com\/de\/wp-json\/wp\/v2\/product_tag?post=2231"}],"curies":[{"name":"wp","href":"https:\/\/api.w.org\/{rel}","templated":true}]}}