{"id":2235,"date":"2021-05-27T12:36:41","date_gmt":"2021-05-30T21:56:35","guid":{"rendered":"https:\/\/franzderkaiser.com\/product\/isle-of-man-silber-zigarettenspitzenhalter"},"modified":"2021-06-26T10:09:38","modified_gmt":"2021-06-26T10:09:38","slug":"silberne-zigarettenspitze-mit-ledertasche","status":"publish","type":"product","link":"https:\/\/franzderkaiser.com\/de\/produkt\/silberne-zigarettenspitze-mit-ledertasche\/","title":{"rendered":"Isle of Man Silber Zigarettenspitzenhalter"},"content":{"rendered":"<p>Eine handkuratierte Vintage-Auswahl: Dieses St\u00fcck ist mit einer exquisiten Versilberung versehen und wird mit einer wundersch\u00f6nen Ledertasche mit feiner Vintage-Patina kombiniert. Als stilvoller Visitenkartenhalter ist dieses St\u00fcck ein einzigartiges Sammlerst\u00fcck f\u00fcr den modernen Profi.<\/p>\n","protected":false},"excerpt":{"rendered":"<p>FDK\u2502Vintage &amp; Co.<\/p>\n","protected":false},"featured_media":1890,"comment_status":"open","ping_status":"closed","template":"","meta":[],"product_brand":[],"product_cat":[49],"product_tag":[],"class_list":{"0":"post-2235","1":"product","2":"type-product","3":"status-publish","4":"has-post-thumbnail","6":"product_cat-geldtaschen-accessoires","8":"first","9":"instock","10":"taxable","11":"shipping-taxable","12":"product-type-simple"},"jetpack_sharing_enabled":true,"_links":{"self":[{"href":"https:\/\/franzderkaiser.com\/de\/wp-json\/wp\/v2\/product\/2235","targetHints":{"allow":["GET"]}}],"collection":[{"href":"https:\/\/franzderkaiser.com\/de\/wp-json\/wp\/v2\/product"}],"about":[{"href":"https:\/\/franzderkaiser.com\/de\/wp-json\/wp\/v2\/types\/product"}],"replies":[{"embeddable":true,"href":"https:\/\/franzderkaiser.com\/de\/wp-json\/wp\/v2\/comments?post=2235"}],"wp:featuredmedia":[{"embeddable":true,"href":"https:\/\/franzderkaiser.com\/de\/wp-json\/wp\/v2\/media\/1890"}],"wp:attachment":[{"href":"https:\/\/franzderkaiser.com\/de\/wp-json\/wp\/v2\/media?parent=2235"}],"wp:term":[{"taxonomy":"product_brand","embeddable":true,"href":"https:\/\/franzderkaiser.com\/de\/wp-json\/wp\/v2\/product_brand?post=2235"},{"taxonomy":"product_cat","embeddable":true,"href":"https:\/\/franzderkaiser.com\/de\/wp-json\/wp\/v2\/product_cat?post=2235"},{"taxonomy":"product_tag","embeddable":true,"href":"https:\/\/franzderkaiser.com\/de\/wp-json\/wp\/v2\/product_tag?post=2235"}],"curies":[{"name":"wp","href":"https:\/\/api.w.org\/{rel}","templated":true}]}}