{"id":2242,"date":"2021-05-26T12:14:18","date_gmt":"2021-05-30T21:56:36","guid":{"rendered":"https:\/\/franzderkaiser.com\/product\/dot-cotton-socke"},"modified":"2021-06-14T14:42:00","modified_gmt":"2021-06-14T14:42:00","slug":"punkt-baumwollsocke","status":"publish","type":"product","link":"https:\/\/franzderkaiser.com\/de\/produkt\/punkt-baumwollsocke\/","title":{"rendered":"Dot Baumwollsocke"},"content":{"rendered":"<p>Diese Socken sind eine unterhaltsame Variante der klassischen Herrenmode und eine strapazierf\u00e4hige und farbenfrohe Erg\u00e4nzung der allt\u00e4glichen Garderobe.<\/p>\n","protected":false},"excerpt":{"rendered":"<p>Paar Socken in einfacher Gr\u00f6\u00dfe<\/p>\n","protected":false},"featured_media":1802,"comment_status":"open","ping_status":"closed","template":"","meta":[],"product_brand":[],"product_cat":[15],"product_tag":[],"class_list":{"0":"post-2242","1":"product","2":"type-product","3":"status-publish","4":"has-post-thumbnail","6":"product_cat-all-categories","8":"first","9":"instock","10":"taxable","11":"shipping-taxable","12":"product-type-simple"},"jetpack_sharing_enabled":true,"_links":{"self":[{"href":"https:\/\/franzderkaiser.com\/de\/wp-json\/wp\/v2\/product\/2242","targetHints":{"allow":["GET"]}}],"collection":[{"href":"https:\/\/franzderkaiser.com\/de\/wp-json\/wp\/v2\/product"}],"about":[{"href":"https:\/\/franzderkaiser.com\/de\/wp-json\/wp\/v2\/types\/product"}],"replies":[{"embeddable":true,"href":"https:\/\/franzderkaiser.com\/de\/wp-json\/wp\/v2\/comments?post=2242"}],"wp:featuredmedia":[{"embeddable":true,"href":"https:\/\/franzderkaiser.com\/de\/wp-json\/wp\/v2\/media\/1802"}],"wp:attachment":[{"href":"https:\/\/franzderkaiser.com\/de\/wp-json\/wp\/v2\/media?parent=2242"}],"wp:term":[{"taxonomy":"product_brand","embeddable":true,"href":"https:\/\/franzderkaiser.com\/de\/wp-json\/wp\/v2\/product_brand?post=2242"},{"taxonomy":"product_cat","embeddable":true,"href":"https:\/\/franzderkaiser.com\/de\/wp-json\/wp\/v2\/product_cat?post=2242"},{"taxonomy":"product_tag","embeddable":true,"href":"https:\/\/franzderkaiser.com\/de\/wp-json\/wp\/v2\/product_tag?post=2242"}],"curies":[{"name":"wp","href":"https:\/\/api.w.org\/{rel}","templated":true}]}}