{"id":2245,"date":"2021-05-26T10:27:25","date_gmt":"2021-05-30T21:56:38","guid":{"rendered":"https:\/\/franzderkaiser.com\/product\/geflochtener-brauner-lederguertel"},"modified":"2024-10-22T23:43:32","modified_gmt":"2024-10-22T23:43:32","slug":"geflochtener-brauner-ledergurtel","status":"publish","type":"product","link":"https:\/\/franzderkaiser.com\/de\/produkt\/geflochtener-brauner-ledergurtel\/","title":{"rendered":"Geflochtener brauner Lederg\u00fcrtel"},"content":{"rendered":"<p>Dieser aufwendig gewebte G\u00fcrtel ist ein Klassiker f\u00fcr die moderne Garderobe.<\/p>\n","protected":false},"excerpt":{"rendered":"<p>Dieser aufwendig gewebte G\u00fcrtel ist ein Klassiker f\u00fcr die moderne Garderobe.<\/p>\n","protected":false},"featured_media":1820,"comment_status":"open","ping_status":"closed","template":"","meta":[],"product_brand":[],"product_cat":[80],"product_tag":[],"class_list":{"0":"post-2245","1":"product","2":"type-product","3":"status-publish","4":"has-post-thumbnail","6":"product_cat-gurtel-hosentrager","8":"first","9":"instock","10":"taxable","11":"shipping-taxable","12":"product-type-variable"},"jetpack_sharing_enabled":true,"_links":{"self":[{"href":"https:\/\/franzderkaiser.com\/de\/wp-json\/wp\/v2\/product\/2245","targetHints":{"allow":["GET"]}}],"collection":[{"href":"https:\/\/franzderkaiser.com\/de\/wp-json\/wp\/v2\/product"}],"about":[{"href":"https:\/\/franzderkaiser.com\/de\/wp-json\/wp\/v2\/types\/product"}],"replies":[{"embeddable":true,"href":"https:\/\/franzderkaiser.com\/de\/wp-json\/wp\/v2\/comments?post=2245"}],"wp:featuredmedia":[{"embeddable":true,"href":"https:\/\/franzderkaiser.com\/de\/wp-json\/wp\/v2\/media\/1820"}],"wp:attachment":[{"href":"https:\/\/franzderkaiser.com\/de\/wp-json\/wp\/v2\/media?parent=2245"}],"wp:term":[{"taxonomy":"product_brand","embeddable":true,"href":"https:\/\/franzderkaiser.com\/de\/wp-json\/wp\/v2\/product_brand?post=2245"},{"taxonomy":"product_cat","embeddable":true,"href":"https:\/\/franzderkaiser.com\/de\/wp-json\/wp\/v2\/product_cat?post=2245"},{"taxonomy":"product_tag","embeddable":true,"href":"https:\/\/franzderkaiser.com\/de\/wp-json\/wp\/v2\/product_tag?post=2245"}],"curies":[{"name":"wp","href":"https:\/\/api.w.org\/{rel}","templated":true}]}}