{"id":2249,"date":"2021-05-26T12:16:35","date_gmt":"2021-05-30T21:56:40","guid":{"rendered":"https:\/\/franzderkaiser.com\/product\/zweifarbige-baumwollsocke"},"modified":"2021-06-26T10:11:37","modified_gmt":"2021-06-26T10:11:37","slug":"zweifarbige-baumwollsocke","status":"publish","type":"product","link":"https:\/\/franzderkaiser.com\/de\/produkt\/zweifarbige-baumwollsocke\/","title":{"rendered":"Zweifarbige Baumwollsocke"},"content":{"rendered":"<p>Klassische Blaut\u00f6ne und kr\u00e4ftige Gr\u00fcnt\u00f6ne werden kombiniert, eine<span class=\"Apple-converted-space\"> solide Erg\u00e4nzung zur allt\u00e4glichen Garderobe.<\/span><span class=\"Apple-converted-space\"> <\/span><\/p>\n","protected":false},"excerpt":{"rendered":"<p>Paar Socken in einfacher Gr\u00f6\u00dfe<\/p>\n","protected":false},"featured_media":1808,"comment_status":"open","ping_status":"closed","template":"","meta":[],"product_brand":[],"product_cat":[15],"product_tag":[],"class_list":{"0":"post-2249","1":"product","2":"type-product","3":"status-publish","4":"has-post-thumbnail","6":"product_cat-all-categories","8":"first","9":"instock","10":"taxable","11":"shipping-taxable","12":"product-type-simple"},"jetpack_sharing_enabled":true,"_links":{"self":[{"href":"https:\/\/franzderkaiser.com\/de\/wp-json\/wp\/v2\/product\/2249","targetHints":{"allow":["GET"]}}],"collection":[{"href":"https:\/\/franzderkaiser.com\/de\/wp-json\/wp\/v2\/product"}],"about":[{"href":"https:\/\/franzderkaiser.com\/de\/wp-json\/wp\/v2\/types\/product"}],"replies":[{"embeddable":true,"href":"https:\/\/franzderkaiser.com\/de\/wp-json\/wp\/v2\/comments?post=2249"}],"wp:featuredmedia":[{"embeddable":true,"href":"https:\/\/franzderkaiser.com\/de\/wp-json\/wp\/v2\/media\/1808"}],"wp:attachment":[{"href":"https:\/\/franzderkaiser.com\/de\/wp-json\/wp\/v2\/media?parent=2249"}],"wp:term":[{"taxonomy":"product_brand","embeddable":true,"href":"https:\/\/franzderkaiser.com\/de\/wp-json\/wp\/v2\/product_brand?post=2249"},{"taxonomy":"product_cat","embeddable":true,"href":"https:\/\/franzderkaiser.com\/de\/wp-json\/wp\/v2\/product_cat?post=2249"},{"taxonomy":"product_tag","embeddable":true,"href":"https:\/\/franzderkaiser.com\/de\/wp-json\/wp\/v2\/product_tag?post=2249"}],"curies":[{"name":"wp","href":"https:\/\/api.w.org\/{rel}","templated":true}]}}