{"id":2256,"date":"2021-05-27T12:48:47","date_gmt":"2021-05-30T21:56:48","guid":{"rendered":"https:\/\/franzderkaiser.com\/product\/silber-zigarettenetui"},"modified":"2021-06-26T10:09:12","modified_gmt":"2021-06-26T10:09:12","slug":"silber-zigarettenetui","status":"publish","type":"product","link":"https:\/\/franzderkaiser.com\/de\/produkt\/silber-zigarettenetui\/","title":{"rendered":"Silber Zigarettenetui"},"content":{"rendered":"<p>Eine handkuratierte Vintage-Auswahl: Dieses St\u00fcck ist motorgedreht und mit einer exquisiten Versilberung versehen. Als stilvoller Visitenkartenhalter ist dieses St\u00fcck ein einzigartiges Sammlerst\u00fcck f\u00fcr den modernen Profi.<\/p>\n","protected":false},"excerpt":{"rendered":"<p>FDK\u2502Vintage &amp; Co.<\/p>\n","protected":false},"featured_media":1860,"comment_status":"open","ping_status":"closed","template":"","meta":[],"product_brand":[],"product_cat":[49],"product_tag":[],"class_list":{"0":"post-2256","1":"product","2":"type-product","3":"status-publish","4":"has-post-thumbnail","6":"product_cat-geldtaschen-accessoires","8":"first","9":"instock","10":"taxable","11":"shipping-taxable","12":"product-type-simple"},"jetpack_sharing_enabled":true,"_links":{"self":[{"href":"https:\/\/franzderkaiser.com\/de\/wp-json\/wp\/v2\/product\/2256","targetHints":{"allow":["GET"]}}],"collection":[{"href":"https:\/\/franzderkaiser.com\/de\/wp-json\/wp\/v2\/product"}],"about":[{"href":"https:\/\/franzderkaiser.com\/de\/wp-json\/wp\/v2\/types\/product"}],"replies":[{"embeddable":true,"href":"https:\/\/franzderkaiser.com\/de\/wp-json\/wp\/v2\/comments?post=2256"}],"wp:featuredmedia":[{"embeddable":true,"href":"https:\/\/franzderkaiser.com\/de\/wp-json\/wp\/v2\/media\/1860"}],"wp:attachment":[{"href":"https:\/\/franzderkaiser.com\/de\/wp-json\/wp\/v2\/media?parent=2256"}],"wp:term":[{"taxonomy":"product_brand","embeddable":true,"href":"https:\/\/franzderkaiser.com\/de\/wp-json\/wp\/v2\/product_brand?post=2256"},{"taxonomy":"product_cat","embeddable":true,"href":"https:\/\/franzderkaiser.com\/de\/wp-json\/wp\/v2\/product_cat?post=2256"},{"taxonomy":"product_tag","embeddable":true,"href":"https:\/\/franzderkaiser.com\/de\/wp-json\/wp\/v2\/product_tag?post=2256"}],"curies":[{"name":"wp","href":"https:\/\/api.w.org\/{rel}","templated":true}]}}