{"id":3131,"date":"2021-06-22T13:02:07","date_gmt":"2021-06-26T09:47:29","guid":{"rendered":"https:\/\/franzderkaiser.com\/product\/fdk-nylon-sporttasche"},"modified":"2024-07-02T12:25:02","modified_gmt":"2024-07-02T12:25:02","slug":"fdk-nylon-sporttasche","status":"publish","type":"product","link":"https:\/\/franzderkaiser.com\/de\/produkt\/fdk-nylon-sporttasche\/","title":{"rendered":"FDK Nylon Sporttasche"},"content":{"rendered":"<p>Gemacht f\u00fcr den aktiven Lebensstil. Diese Tasche bietet viel Platz f\u00fcr Sportbekleidungs-Accessoires und fungiert gleicherma\u00dfen als leichter Weekender. Eine praktische Erg\u00e4nzung zu Ihren Tages- und Wochenendroutinen.<\/p>\n<p>Mehr zu diesem Produkt:<\/p>\n<ul>\n<li>Flache Seitentasche mit Rei\u00dfverschluss<\/li>\n<li>Schlanke Innentaschen mit Rei\u00dfverschluss<\/li>\n<li>Verstellbarer Schultergurt<\/li>\n<li>Dunkle gun-metal Beschl\u00e4ge und Armaturen<\/li>\n<\/ul>\n","protected":false},"excerpt":{"rendered":"<p>Aus leichtem Nylongewebe.<\/p>\n","protected":false},"featured_media":3093,"comment_status":"open","ping_status":"closed","template":"","meta":[],"product_brand":[],"product_cat":[42],"product_tag":[],"class_list":{"0":"post-3131","1":"product","2":"type-product","3":"status-publish","4":"has-post-thumbnail","6":"product_cat-taschen","8":"first","9":"instock","10":"product-type-simple"},"jetpack_sharing_enabled":true,"_links":{"self":[{"href":"https:\/\/franzderkaiser.com\/de\/wp-json\/wp\/v2\/product\/3131","targetHints":{"allow":["GET"]}}],"collection":[{"href":"https:\/\/franzderkaiser.com\/de\/wp-json\/wp\/v2\/product"}],"about":[{"href":"https:\/\/franzderkaiser.com\/de\/wp-json\/wp\/v2\/types\/product"}],"replies":[{"embeddable":true,"href":"https:\/\/franzderkaiser.com\/de\/wp-json\/wp\/v2\/comments?post=3131"}],"wp:featuredmedia":[{"embeddable":true,"href":"https:\/\/franzderkaiser.com\/de\/wp-json\/wp\/v2\/media\/3093"}],"wp:attachment":[{"href":"https:\/\/franzderkaiser.com\/de\/wp-json\/wp\/v2\/media?parent=3131"}],"wp:term":[{"taxonomy":"product_brand","embeddable":true,"href":"https:\/\/franzderkaiser.com\/de\/wp-json\/wp\/v2\/product_brand?post=3131"},{"taxonomy":"product_cat","embeddable":true,"href":"https:\/\/franzderkaiser.com\/de\/wp-json\/wp\/v2\/product_cat?post=3131"},{"taxonomy":"product_tag","embeddable":true,"href":"https:\/\/franzderkaiser.com\/de\/wp-json\/wp\/v2\/product_tag?post=3131"}],"curies":[{"name":"wp","href":"https:\/\/api.w.org\/{rel}","templated":true}]}}