{"id":3206,"date":"2021-07-14T15:03:44","date_gmt":"2021-07-24T10:21:58","guid":{"rendered":"https:\/\/franzderkaiser.com\/product\/fdk-tasche-mit-lederbesatz"},"modified":"2021-07-24T17:49:25","modified_gmt":"2021-07-24T17:49:25","slug":"fdk-tasche-mit-lederbesatz-2","status":"publish","type":"product","link":"https:\/\/franzderkaiser.com\/de\/produkt\/fdk-tasche-mit-lederbesatz-2\/","title":{"rendered":"FDK-Tasche mit Lederbesatz"},"content":{"rendered":"<p>Ikonischer Stil. Aus strapazierf\u00e4higem Canvas gefertigt und mit leichtem Vollnarbenleder bezogen. Diese ger\u00e4umige Tragetasche verf\u00fcgt \u00fcber einen Rei\u00dfverschluss, eine Innentasche und ist mit einem ikonischen FDK-gepr\u00e4gten Lederlogo versehen.<\/p>\n<p>Mehr zu diesem Produkt:<\/p>\n<ul>\n<li>Seitentasche innen<\/li>\n<li>Gro\u00dfer und ger\u00e4umiger Innentrageraum<\/li>\n<li>Verst\u00e4rkte Trageriemen aus Leder<\/li>\n<li>Vollst\u00e4ndiger Rei\u00dfverschluss<\/li>\n<\/ul>\n","protected":false},"excerpt":{"rendered":"<p>Canvas Tragetasche<\/p>\n","protected":false},"featured_media":3144,"comment_status":"open","ping_status":"closed","template":"","meta":[],"product_brand":[],"product_cat":[42],"product_tag":[],"class_list":{"0":"post-3206","1":"product","2":"type-product","3":"status-publish","4":"has-post-thumbnail","6":"product_cat-taschen","8":"first","9":"instock","10":"product-type-simple"},"jetpack_sharing_enabled":true,"_links":{"self":[{"href":"https:\/\/franzderkaiser.com\/de\/wp-json\/wp\/v2\/product\/3206","targetHints":{"allow":["GET"]}}],"collection":[{"href":"https:\/\/franzderkaiser.com\/de\/wp-json\/wp\/v2\/product"}],"about":[{"href":"https:\/\/franzderkaiser.com\/de\/wp-json\/wp\/v2\/types\/product"}],"replies":[{"embeddable":true,"href":"https:\/\/franzderkaiser.com\/de\/wp-json\/wp\/v2\/comments?post=3206"}],"wp:featuredmedia":[{"embeddable":true,"href":"https:\/\/franzderkaiser.com\/de\/wp-json\/wp\/v2\/media\/3144"}],"wp:attachment":[{"href":"https:\/\/franzderkaiser.com\/de\/wp-json\/wp\/v2\/media?parent=3206"}],"wp:term":[{"taxonomy":"product_brand","embeddable":true,"href":"https:\/\/franzderkaiser.com\/de\/wp-json\/wp\/v2\/product_brand?post=3206"},{"taxonomy":"product_cat","embeddable":true,"href":"https:\/\/franzderkaiser.com\/de\/wp-json\/wp\/v2\/product_cat?post=3206"},{"taxonomy":"product_tag","embeddable":true,"href":"https:\/\/franzderkaiser.com\/de\/wp-json\/wp\/v2\/product_tag?post=3206"}],"curies":[{"name":"wp","href":"https:\/\/api.w.org\/{rel}","templated":true}]}}