{"id":3655,"date":"2021-12-03T14:24:58","date_gmt":"2021-12-03T16:05:54","guid":{"rendered":"https:\/\/franzderkaiser.com\/product\/fdk-roe-deer-hoodie\/"},"modified":"2024-11-03T13:32:26","modified_gmt":"2024-11-03T13:32:26","slug":"fdk-roe-deer-hoodie-heathergray","status":"publish","type":"product","link":"https:\/\/franzderkaiser.com\/de\/produkt\/fdk-roe-deer-hoodie-heathergray\/","title":{"rendered":"FDK Roe Deer Hoodie"},"content":{"rendered":"<p>The iconic FDK Hoodie &#8211; aus einer weichen Bio-Baumwollmischung verk\u00f6rpert dieser Pullover klassischen Stil und ist eine h\u00fcbsche Erg\u00e4nzung f\u00fcr die allt\u00e4gliche Garderobe.<\/p>\n<p>Mehr zu diesem Produkt:<\/p>\n<ul>\n<li>Raglan\u00e4rmel<\/li>\n<li>Doppellagige Kapuze<\/li>\n<li>Metall\u00f6sen und Kordelenden<\/li>\n<li>Nackenband mit Fischgr\u00e4tmuster innen<\/li>\n<li>85 % Bio-Baumwolle \/ 15 % recycelter Polyester<\/li>\n<li>Stoff gewaschen<\/li>\n<li>300 g\/m\u00b2<\/li>\n<\/ul>\n<p>F\u00fcr Hilfe bei der Gr\u00f6\u00dfenbestimmung klicken Sie bitte hier.<\/p>\n<p>&nbsp;<\/p>\n","protected":false},"excerpt":{"rendered":"<p>The iconic FDK Hoodie &#8211; aus einer weichen Bio-Baumwollmischung verk\u00f6rpert dieser Pullover klassischen Stil und ist eine h\u00fcbsche Erg\u00e4nzung f\u00fcr die allt\u00e4gliche Garderobe. Mehr zu diesem Produkt: Raglan\u00e4rmel Doppellagige Kapuze Metall\u00f6sen und Kordelenden Nackenband mit Fischgr\u00e4tmuster innen 85 % Bio-Baumwolle \/ 15 % recycelter Polyester Stoff gewaschen 300 g\/m\u00b2 F\u00fcr Hilfe bei der Gr\u00f6\u00dfenbestimmung klicken [&#8230;]\n","protected":false},"featured_media":3674,"comment_status":"open","ping_status":"closed","template":"","meta":[],"product_brand":[],"product_cat":[88],"product_tag":[],"class_list":{"0":"post-3655","1":"product","2":"type-product","3":"status-publish","4":"has-post-thumbnail","6":"product_cat-sweatshirts-hoodies-de","8":"first","9":"instock","10":"taxable","11":"shipping-taxable","12":"product-type-variable"},"jetpack_sharing_enabled":true,"_links":{"self":[{"href":"https:\/\/franzderkaiser.com\/de\/wp-json\/wp\/v2\/product\/3655","targetHints":{"allow":["GET"]}}],"collection":[{"href":"https:\/\/franzderkaiser.com\/de\/wp-json\/wp\/v2\/product"}],"about":[{"href":"https:\/\/franzderkaiser.com\/de\/wp-json\/wp\/v2\/types\/product"}],"replies":[{"embeddable":true,"href":"https:\/\/franzderkaiser.com\/de\/wp-json\/wp\/v2\/comments?post=3655"}],"wp:featuredmedia":[{"embeddable":true,"href":"https:\/\/franzderkaiser.com\/de\/wp-json\/wp\/v2\/media\/3674"}],"wp:attachment":[{"href":"https:\/\/franzderkaiser.com\/de\/wp-json\/wp\/v2\/media?parent=3655"}],"wp:term":[{"taxonomy":"product_brand","embeddable":true,"href":"https:\/\/franzderkaiser.com\/de\/wp-json\/wp\/v2\/product_brand?post=3655"},{"taxonomy":"product_cat","embeddable":true,"href":"https:\/\/franzderkaiser.com\/de\/wp-json\/wp\/v2\/product_cat?post=3655"},{"taxonomy":"product_tag","embeddable":true,"href":"https:\/\/franzderkaiser.com\/de\/wp-json\/wp\/v2\/product_tag?post=3655"}],"curies":[{"name":"wp","href":"https:\/\/api.w.org\/{rel}","templated":true}]}}