{"id":3660,"date":"2021-12-03T14:17:12","date_gmt":"2021-12-03T16:07:19","guid":{"rendered":"https:\/\/franzderkaiser.com\/product\/fdk-franz-hoodie\/"},"modified":"2021-12-09T10:50:47","modified_gmt":"2021-12-09T10:50:47","slug":"fdk-franz-hoodie-schwarz","status":"publish","type":"product","link":"https:\/\/franzderkaiser.com\/de\/produkt\/fdk-franz-hoodie-schwarz\/","title":{"rendered":"FDK Franz Hoodie"},"content":{"rendered":"<p>Klassischer Stil trifft auf moderne Raffinesse. Dieser Hoodie ist aus einer ultraweichen Baumwollmischung hergestellt und mit einem ikonischen FDK-Monogramm und einer charakteristischen Franz-Grafik versehen.<\/p>\n<p>Mehr zu diesem Produkt:<\/p>\n<ul>\n<li>Eingesetzte H\u00fclse<\/li>\n<li>Doppellagige Kapuze<\/li>\n<li>Metall\u00f6sen und Kordelenden<\/li>\n<li>Nackenband mit Fischgr\u00e4tmuster innen<\/li>\n<li>85 % Bio-Baumwolle \/ 15 % recycelter Polyester<\/li>\n<li>Stoff gewaschen<\/li>\n<li>350 g\/m\u00b2<\/li>\n<\/ul>\n<p>F\u00fcr Hilfe bei der Gr\u00f6\u00dfenbestimmung klicken Sie bitte hier.<\/p>\n<p>&nbsp;<\/p>\n<h3><\/h3>\n","protected":false},"excerpt":{"rendered":"<p>Klassischer Stil trifft auf moderne Raffinesse. Dieser Hoodie ist aus einer ultraweichen Baumwollmischung hergestellt und mit einem ikonischen FDK-Monogramm und einer charakteristischen Franz-Grafik versehen. Mehr zu diesem Produkt: Eingesetzte H\u00fclse Doppellagige Kapuze Metall\u00f6sen und Kordelenden Nackenband mit Fischgr\u00e4tmuster innen 85 % Bio-Baumwolle \/ 15 % recycelter Polyester Stoff gewaschen 350 g\/m\u00b2 F\u00fcr Hilfe bei der [&#8230;]\n","protected":false},"featured_media":3678,"comment_status":"open","ping_status":"closed","template":"","meta":[],"product_brand":[],"product_cat":[88],"product_tag":[],"class_list":{"0":"post-3660","1":"product","2":"type-product","3":"status-publish","4":"has-post-thumbnail","6":"product_cat-sweatshirts-hoodies-de","8":"first","9":"instock","10":"taxable","11":"shipping-taxable","12":"product-type-variable"},"jetpack_sharing_enabled":true,"_links":{"self":[{"href":"https:\/\/franzderkaiser.com\/de\/wp-json\/wp\/v2\/product\/3660","targetHints":{"allow":["GET"]}}],"collection":[{"href":"https:\/\/franzderkaiser.com\/de\/wp-json\/wp\/v2\/product"}],"about":[{"href":"https:\/\/franzderkaiser.com\/de\/wp-json\/wp\/v2\/types\/product"}],"replies":[{"embeddable":true,"href":"https:\/\/franzderkaiser.com\/de\/wp-json\/wp\/v2\/comments?post=3660"}],"wp:featuredmedia":[{"embeddable":true,"href":"https:\/\/franzderkaiser.com\/de\/wp-json\/wp\/v2\/media\/3678"}],"wp:attachment":[{"href":"https:\/\/franzderkaiser.com\/de\/wp-json\/wp\/v2\/media?parent=3660"}],"wp:term":[{"taxonomy":"product_brand","embeddable":true,"href":"https:\/\/franzderkaiser.com\/de\/wp-json\/wp\/v2\/product_brand?post=3660"},{"taxonomy":"product_cat","embeddable":true,"href":"https:\/\/franzderkaiser.com\/de\/wp-json\/wp\/v2\/product_cat?post=3660"},{"taxonomy":"product_tag","embeddable":true,"href":"https:\/\/franzderkaiser.com\/de\/wp-json\/wp\/v2\/product_tag?post=3660"}],"curies":[{"name":"wp","href":"https:\/\/api.w.org\/{rel}","templated":true}]}}