{"id":3663,"date":"2021-12-03T14:09:26","date_gmt":"2021-12-03T16:09:20","guid":{"rendered":"https:\/\/franzderkaiser.com\/product\/fdk-roe-deer-crewneck\/"},"modified":"2021-12-17T10:16:41","modified_gmt":"2021-12-17T10:16:41","slug":"fdk-reh-rundhals-grun","status":"publish","type":"product","link":"https:\/\/franzderkaiser.com\/de\/produkt\/fdk-reh-rundhals-grun\/","title":{"rendered":"FDK Roe Deer Crewneck"},"content":{"rendered":"<p>Das FDK Crewneck &#8211; aus einer ultraweichen Baumwollmischung ist dieser Pullover mit dem FDK Rehbock veredelt und ist ein ikonisches Basic f\u00fcr die t\u00e4gliche Garderobe.<\/p>\n<p>Mehr zu diesem Produkt:<\/p>\n<ul>\n<li>Eingesetzte H\u00fclse<\/li>\n<li>Nackenband mit Fischgr\u00e4tmuster innen<\/li>\n<li>85 % Bio-Baumwolle \/ 15 % recycelter Polyester<\/li>\n<li>Stoff gewaschen<\/li>\n<li>350 g\/m\u00b2<\/li>\n<\/ul>\n<p>F\u00fcr Hilfe bei der Gr\u00f6\u00dfenbestimmung klicken Sie bitte hier.<\/p>\n<h3><\/h3>\n<p>&nbsp;<\/p>\n","protected":false},"excerpt":{"rendered":"<p>Das FDK Crewneck &#8211; aus einer ultraweichen Baumwollmischung ist dieser Pullover mit dem FDK Rehbock veredelt und ist ein ikonisches Basic f\u00fcr die t\u00e4gliche Garderobe. Mehr zu diesem Produkt: Eingesetzte H\u00fclse Nackenband mit Fischgr\u00e4tmuster innen 85 % Bio-Baumwolle \/ 15 % recycelter Polyester Stoff gewaschen 350 g\/m\u00b2 F\u00fcr Hilfe bei der Gr\u00f6\u00dfenbestimmung klicken Sie bitte [&#8230;]\n","protected":false},"featured_media":3932,"comment_status":"open","ping_status":"closed","template":"","meta":[],"product_brand":[],"product_cat":[88],"product_tag":[],"class_list":{"0":"post-3663","1":"product","2":"type-product","3":"status-publish","4":"has-post-thumbnail","6":"product_cat-sweatshirts-hoodies-de","8":"first","9":"instock","10":"taxable","11":"shipping-taxable","12":"product-type-variable"},"jetpack_sharing_enabled":true,"_links":{"self":[{"href":"https:\/\/franzderkaiser.com\/de\/wp-json\/wp\/v2\/product\/3663","targetHints":{"allow":["GET"]}}],"collection":[{"href":"https:\/\/franzderkaiser.com\/de\/wp-json\/wp\/v2\/product"}],"about":[{"href":"https:\/\/franzderkaiser.com\/de\/wp-json\/wp\/v2\/types\/product"}],"replies":[{"embeddable":true,"href":"https:\/\/franzderkaiser.com\/de\/wp-json\/wp\/v2\/comments?post=3663"}],"wp:featuredmedia":[{"embeddable":true,"href":"https:\/\/franzderkaiser.com\/de\/wp-json\/wp\/v2\/media\/3932"}],"wp:attachment":[{"href":"https:\/\/franzderkaiser.com\/de\/wp-json\/wp\/v2\/media?parent=3663"}],"wp:term":[{"taxonomy":"product_brand","embeddable":true,"href":"https:\/\/franzderkaiser.com\/de\/wp-json\/wp\/v2\/product_brand?post=3663"},{"taxonomy":"product_cat","embeddable":true,"href":"https:\/\/franzderkaiser.com\/de\/wp-json\/wp\/v2\/product_cat?post=3663"},{"taxonomy":"product_tag","embeddable":true,"href":"https:\/\/franzderkaiser.com\/de\/wp-json\/wp\/v2\/product_tag?post=3663"}],"curies":[{"name":"wp","href":"https:\/\/api.w.org\/{rel}","templated":true}]}}