{"id":4155,"date":"2021-12-15T23:12:55","date_gmt":"2021-12-17T10:59:50","guid":{"rendered":"https:\/\/franzderkaiser.com\/product\/fdk-monogram-alpine-sweater\/"},"modified":"2022-01-07T15:46:16","modified_gmt":"2022-01-07T15:46:16","slug":"fdk-monogramm-alpine-sweater","status":"publish","type":"product","link":"https:\/\/franzderkaiser.com\/de\/produkt\/fdk-monogramm-alpine-sweater\/","title":{"rendered":"FDK Monogram Alpine Sweater"},"content":{"rendered":"<p>Der ikonische Pullover mit Rundhalsausschnitt, neu gestaltet mit alpiner Inspiration. Dieser Pullover ist aus einer ultraweichen und leichten Baumwollmischung gefertigt und mit einem charakteristischen FDK-Burgunder-Monogramm versehen. Ein perfektes Lagen-Essential f\u00fcr die Skipiste.<\/p>\n<p>Mehr zu diesem Produkt:<\/p>\n<ul>\n<li>Eingesetzte H\u00fclse<\/li>\n<li>Nackenband mit Fischgr\u00e4tmuster innen<\/li>\n<li>85 % Bio-Baumwolle \/ 15 % recycelter Polyester<\/li>\n<li>Stoff gewaschen<\/li>\n<li>280 G\/m<\/li>\n<\/ul>\n<p>&nbsp;<\/p>\n","protected":false},"excerpt":{"rendered":"<p>Der ikonische Pullover mit Rundhalsausschnitt, neu gestaltet mit alpiner Inspiration. Dieser Pullover ist aus einer ultraweichen und leichten Baumwollmischung gefertigt und mit einem charakteristischen FDK-Burgunder-Monogramm versehen. Ein perfektes Lagen-Essential f\u00fcr die Skipiste. Mehr zu diesem Produkt: Eingesetzte H\u00fclse Nackenband mit Fischgr\u00e4tmuster innen 85 % Bio-Baumwolle \/ 15 % recycelter Polyester Stoff gewaschen 280 G\/m &nbsp;<\/p>\n","protected":false},"featured_media":4072,"comment_status":"open","ping_status":"closed","template":"","meta":[],"product_brand":[],"product_cat":[139],"product_tag":[],"class_list":{"0":"post-4155","1":"product","2":"type-product","3":"status-publish","4":"has-post-thumbnail","6":"product_cat-pullover-und-pullover","8":"first","9":"instock","10":"taxable","11":"shipping-taxable","12":"product-type-variable"},"jetpack_sharing_enabled":true,"_links":{"self":[{"href":"https:\/\/franzderkaiser.com\/de\/wp-json\/wp\/v2\/product\/4155","targetHints":{"allow":["GET"]}}],"collection":[{"href":"https:\/\/franzderkaiser.com\/de\/wp-json\/wp\/v2\/product"}],"about":[{"href":"https:\/\/franzderkaiser.com\/de\/wp-json\/wp\/v2\/types\/product"}],"replies":[{"embeddable":true,"href":"https:\/\/franzderkaiser.com\/de\/wp-json\/wp\/v2\/comments?post=4155"}],"wp:featuredmedia":[{"embeddable":true,"href":"https:\/\/franzderkaiser.com\/de\/wp-json\/wp\/v2\/media\/4072"}],"wp:attachment":[{"href":"https:\/\/franzderkaiser.com\/de\/wp-json\/wp\/v2\/media?parent=4155"}],"wp:term":[{"taxonomy":"product_brand","embeddable":true,"href":"https:\/\/franzderkaiser.com\/de\/wp-json\/wp\/v2\/product_brand?post=4155"},{"taxonomy":"product_cat","embeddable":true,"href":"https:\/\/franzderkaiser.com\/de\/wp-json\/wp\/v2\/product_cat?post=4155"},{"taxonomy":"product_tag","embeddable":true,"href":"https:\/\/franzderkaiser.com\/de\/wp-json\/wp\/v2\/product_tag?post=4155"}],"curies":[{"name":"wp","href":"https:\/\/api.w.org\/{rel}","templated":true}]}}