{"id":4173,"date":"2021-12-14T01:29:17","date_gmt":"2021-12-17T11:05:48","guid":{"rendered":"https:\/\/franzderkaiser.com\/product\/cricket-pullover-aus-baumwollmischung\/"},"modified":"2021-12-17T11:05:50","modified_gmt":"2021-12-17T11:05:50","slug":"baumwoll-mix-cricket-pullover","status":"publish","type":"product","link":"https:\/\/franzderkaiser.com\/de\/produkt\/baumwoll-mix-cricket-pullover\/","title":{"rendered":"Cricket-Pullover aus Baumwollmischung"},"content":{"rendered":"<p>Der ikonische Prep-Pullover, neu interpretiert in einem schlanken und modernen Design. Dieser Pullover ist eine stilvolle und m\u00fchelose Erg\u00e4nzung zu Ihrer t\u00e4glichen Garderobe.<\/p>\n<p>Mehr zu diesem Produkt:<\/p>\n<ul>\n<li>Eingesetzte H\u00fclse<\/li>\n<li>2&#215;2 Flachstrick-Rippstrick am Kragen mit Bicolor-Besatz<\/li>\n<li>85 % Bio-Baumwolle \/ 15 % recycelter Polyester<\/li>\n<li>Stoff gewaschen<\/li>\n<li>350 g\/m\u00b2<\/li>\n<\/ul>\n<p>F\u00fcr Hilfe bei der Gr\u00f6\u00dfenbestimmung klicken Sie bitte hier.<\/p>\n<p>&nbsp;<\/p>\n","protected":false},"excerpt":{"rendered":"<p>Der ikonische Prep-Pullover, neu interpretiert in einem schlanken und modernen Design. Dieser Pullover ist eine stilvolle und m\u00fchelose Erg\u00e4nzung zu Ihrer t\u00e4glichen Garderobe. Mehr zu diesem Produkt: Eingesetzte H\u00fclse 2&#215;2 Flachstrick-Rippstrick am Kragen mit Bicolor-Besatz 85 % Bio-Baumwolle \/ 15 % recycelter Polyester Stoff gewaschen 350 g\/m\u00b2 F\u00fcr Hilfe bei der Gr\u00f6\u00dfenbestimmung klicken Sie bitte [&#8230;]\n","protected":false},"featured_media":3988,"comment_status":"open","ping_status":"closed","template":"","meta":[],"product_brand":[],"product_cat":[139],"product_tag":[],"class_list":{"0":"post-4173","1":"product","2":"type-product","3":"status-publish","4":"has-post-thumbnail","6":"product_cat-pullover-und-pullover","8":"first","9":"instock","10":"taxable","11":"shipping-taxable","12":"product-type-variable"},"jetpack_sharing_enabled":true,"_links":{"self":[{"href":"https:\/\/franzderkaiser.com\/de\/wp-json\/wp\/v2\/product\/4173","targetHints":{"allow":["GET"]}}],"collection":[{"href":"https:\/\/franzderkaiser.com\/de\/wp-json\/wp\/v2\/product"}],"about":[{"href":"https:\/\/franzderkaiser.com\/de\/wp-json\/wp\/v2\/types\/product"}],"replies":[{"embeddable":true,"href":"https:\/\/franzderkaiser.com\/de\/wp-json\/wp\/v2\/comments?post=4173"}],"wp:featuredmedia":[{"embeddable":true,"href":"https:\/\/franzderkaiser.com\/de\/wp-json\/wp\/v2\/media\/3988"}],"wp:attachment":[{"href":"https:\/\/franzderkaiser.com\/de\/wp-json\/wp\/v2\/media?parent=4173"}],"wp:term":[{"taxonomy":"product_brand","embeddable":true,"href":"https:\/\/franzderkaiser.com\/de\/wp-json\/wp\/v2\/product_brand?post=4173"},{"taxonomy":"product_cat","embeddable":true,"href":"https:\/\/franzderkaiser.com\/de\/wp-json\/wp\/v2\/product_cat?post=4173"},{"taxonomy":"product_tag","embeddable":true,"href":"https:\/\/franzderkaiser.com\/de\/wp-json\/wp\/v2\/product_tag?post=4173"}],"curies":[{"name":"wp","href":"https:\/\/api.w.org\/{rel}","templated":true}]}}