{"id":4175,"date":"2021-12-14T01:16:08","date_gmt":"2021-12-17T11:07:45","guid":{"rendered":"https:\/\/franzderkaiser.com\/product\/pullover-diamantbestickt-mit-viertelreissverschluss\/"},"modified":"2021-12-17T11:08:50","modified_gmt":"2021-12-17T11:08:50","slug":"rauten-bestickter-viertel-reisverschluss-pullover","status":"publish","type":"product","link":"https:\/\/franzderkaiser.com\/de\/produkt\/rauten-bestickter-viertel-reisverschluss-pullover\/","title":{"rendered":"Pullover Diamantstickerei mit Viertelrei\u00dfverschluss"},"content":{"rendered":"<p>Dieser Pullover aus einer ultraweichen Baumwollmischung verf\u00fcgt \u00fcber einen viertellangen Rei\u00dfverschluss und ist mit unserem charakteristischen gestickten FDK Diamond versehen.<\/p>\n<p>Mehr zu diesem Produkt:<\/p>\n<ul>\n<li>Eingesetzte H\u00fclse<\/li>\n<li>Halskragen in gleichem Stoff<\/li>\n<li>Nackenband mit Fischgr\u00e4tmuster innen<\/li>\n<li>Halbmond aus gleichem Stoff im Nacken<\/li>\n<li>Viertelrei\u00dfverschluss vorne mittig mit Innenbesatz<\/li>\n<\/ul>\n<p>F\u00fcr Hilfe bei der Gr\u00f6\u00dfenbestimmung klicken Sie bitte hier.<\/p>\n<p>&nbsp;<\/p>\n","protected":false},"excerpt":{"rendered":"<p>Dieser Pullover aus einer ultraweichen Baumwollmischung verf\u00fcgt \u00fcber einen viertellangen Rei\u00dfverschluss und ist mit unserem charakteristischen gestickten FDK Diamond versehen. Mehr zu diesem Produkt: Eingesetzte H\u00fclse Halskragen in gleichem Stoff Nackenband mit Fischgr\u00e4tmuster innen Halbmond aus gleichem Stoff im Nacken Viertelrei\u00dfverschluss vorne mittig mit Innenbesatz F\u00fcr Hilfe bei der Gr\u00f6\u00dfenbestimmung klicken Sie bitte hier. &nbsp;<\/p>\n","protected":false},"featured_media":3978,"comment_status":"open","ping_status":"closed","template":"","meta":[],"product_brand":[],"product_cat":[139],"product_tag":[],"class_list":{"0":"post-4175","1":"product","2":"type-product","3":"status-publish","4":"has-post-thumbnail","6":"product_cat-pullover-und-pullover","8":"first","9":"instock","10":"taxable","11":"shipping-taxable","12":"product-type-variable"},"jetpack_sharing_enabled":true,"_links":{"self":[{"href":"https:\/\/franzderkaiser.com\/de\/wp-json\/wp\/v2\/product\/4175","targetHints":{"allow":["GET"]}}],"collection":[{"href":"https:\/\/franzderkaiser.com\/de\/wp-json\/wp\/v2\/product"}],"about":[{"href":"https:\/\/franzderkaiser.com\/de\/wp-json\/wp\/v2\/types\/product"}],"replies":[{"embeddable":true,"href":"https:\/\/franzderkaiser.com\/de\/wp-json\/wp\/v2\/comments?post=4175"}],"wp:featuredmedia":[{"embeddable":true,"href":"https:\/\/franzderkaiser.com\/de\/wp-json\/wp\/v2\/media\/3978"}],"wp:attachment":[{"href":"https:\/\/franzderkaiser.com\/de\/wp-json\/wp\/v2\/media?parent=4175"}],"wp:term":[{"taxonomy":"product_brand","embeddable":true,"href":"https:\/\/franzderkaiser.com\/de\/wp-json\/wp\/v2\/product_brand?post=4175"},{"taxonomy":"product_cat","embeddable":true,"href":"https:\/\/franzderkaiser.com\/de\/wp-json\/wp\/v2\/product_cat?post=4175"},{"taxonomy":"product_tag","embeddable":true,"href":"https:\/\/franzderkaiser.com\/de\/wp-json\/wp\/v2\/product_tag?post=4175"}],"curies":[{"name":"wp","href":"https:\/\/api.w.org\/{rel}","templated":true}]}}