{"id":4179,"date":"2021-12-14T00:54:56","date_gmt":"2021-12-17T11:08:14","guid":{"rendered":"https:\/\/franzderkaiser.com\/product\/rundhalspullover-mit-diamantstickerei\/"},"modified":"2024-03-17T19:45:28","modified_gmt":"2024-03-17T19:45:28","slug":"rauten-bestickter-rundhals-pullover","status":"publish","type":"product","link":"https:\/\/franzderkaiser.com\/de\/produkt\/rauten-bestickter-rundhals-pullover\/","title":{"rendered":"Rundhalspullover mit Diamantstickerei"},"content":{"rendered":"<p>Dieser aus einer ultraweichen Baumwollmischung gefertigte Pullover ist mit unserem charakteristischen bestickten FDK-Diamant veredelt und ist ein ikonisches Basic f\u00fcr die t\u00e4gliche Garderobe.<\/p>\n<p>Mehr zu diesem Produkt:<\/p>\n<ul>\n<li>Eingesetzte H\u00fclse<\/li>\n<li>Nackenband mit Fischgr\u00e4tmuster innen<\/li>\n<li>85 % Bio-Baumwolle \/ 15 % recycelter Polyester<\/li>\n<li>Stoff gewaschen<\/li>\n<li>350 g\/m\u00b2<\/li>\n<\/ul>\n<p>F\u00fcr Hilfe bei der Gr\u00f6\u00dfenbestimmung klicken Sie bitte hier.<\/p>\n<p>&nbsp;<\/p>\n","protected":false},"excerpt":{"rendered":"<p>Dieser aus einer ultraweichen Baumwollmischung gefertigte Pullover ist mit unserem charakteristischen bestickten FDK-Diamant veredelt und ist ein ikonisches Basic f\u00fcr die t\u00e4gliche Garderobe. Mehr zu diesem Produkt: Eingesetzte H\u00fclse Nackenband mit Fischgr\u00e4tmuster innen 85 % Bio-Baumwolle \/ 15 % recycelter Polyester Stoff gewaschen 350 g\/m\u00b2 F\u00fcr Hilfe bei der Gr\u00f6\u00dfenbestimmung klicken Sie bitte hier. &nbsp;<\/p>\n","protected":false},"featured_media":3962,"comment_status":"open","ping_status":"closed","template":"","meta":[],"product_brand":[],"product_cat":[139],"product_tag":[],"class_list":{"0":"post-4179","1":"product","2":"type-product","3":"status-publish","4":"has-post-thumbnail","6":"product_cat-pullover-und-pullover","8":"first","9":"instock","10":"taxable","11":"shipping-taxable","12":"product-type-variable"},"jetpack_sharing_enabled":true,"_links":{"self":[{"href":"https:\/\/franzderkaiser.com\/de\/wp-json\/wp\/v2\/product\/4179","targetHints":{"allow":["GET"]}}],"collection":[{"href":"https:\/\/franzderkaiser.com\/de\/wp-json\/wp\/v2\/product"}],"about":[{"href":"https:\/\/franzderkaiser.com\/de\/wp-json\/wp\/v2\/types\/product"}],"replies":[{"embeddable":true,"href":"https:\/\/franzderkaiser.com\/de\/wp-json\/wp\/v2\/comments?post=4179"}],"wp:featuredmedia":[{"embeddable":true,"href":"https:\/\/franzderkaiser.com\/de\/wp-json\/wp\/v2\/media\/3962"}],"wp:attachment":[{"href":"https:\/\/franzderkaiser.com\/de\/wp-json\/wp\/v2\/media?parent=4179"}],"wp:term":[{"taxonomy":"product_brand","embeddable":true,"href":"https:\/\/franzderkaiser.com\/de\/wp-json\/wp\/v2\/product_brand?post=4179"},{"taxonomy":"product_cat","embeddable":true,"href":"https:\/\/franzderkaiser.com\/de\/wp-json\/wp\/v2\/product_cat?post=4179"},{"taxonomy":"product_tag","embeddable":true,"href":"https:\/\/franzderkaiser.com\/de\/wp-json\/wp\/v2\/product_tag?post=4179"}],"curies":[{"name":"wp","href":"https:\/\/api.w.org\/{rel}","templated":true}]}}