{"id":4287,"date":"2022-01-06T20:49:08","date_gmt":"2022-01-07T15:45:17","guid":{"rendered":"https:\/\/franzderkaiser.com\/product\/das-nachhaltige-polo\/"},"modified":"2024-03-17T13:56:42","modified_gmt":"2024-03-17T13:56:42","slug":"das-nachhaltige-polo","status":"publish","type":"product","link":"https:\/\/franzderkaiser.com\/de\/produkt\/das-nachhaltige-polo\/","title":{"rendered":"Das nachhaltige Polo"},"content":{"rendered":"<p>Dieses Polo aus 100 % ringgesponnener, gek\u00e4mmter Bio-Baumwolle ist von der Natur inspiriert und mit nat\u00fcrlichen Rohfasern entworfen, die ihm seine eigenen einzigartigen und nat\u00fcrlichen Eigenschaften verleihen.<\/p>\n<ul>\n<li>100% Baumwolle<\/li>\n<li>Flachstrick-Rippkragen<\/li>\n<li>Nackenband mit Fischgr\u00e4tmuster innen<\/li>\n<li>Stoff gewaschen<\/li>\n<\/ul>\n<p>&nbsp;<\/p>\n<p>&nbsp;<\/p>\n","protected":false},"excerpt":{"rendered":"<p>Dieses Polo aus 100 % ringgesponnener, gek\u00e4mmter Bio-Baumwolle ist von der Natur inspiriert und mit nat\u00fcrlichen Rohfasern entworfen, die ihm seine eigenen einzigartigen und nat\u00fcrlichen Eigenschaften verleihen. 100% Baumwolle Flachstrick-Rippkragen Nackenband mit Fischgr\u00e4tmuster innen Stoff gewaschen &nbsp; &nbsp;<\/p>\n","protected":false},"featured_media":5095,"comment_status":"open","ping_status":"closed","template":"","meta":[],"product_brand":[],"product_cat":[140],"product_tag":[],"class_list":{"0":"post-4287","1":"product","2":"type-product","3":"status-publish","4":"has-post-thumbnail","6":"product_cat-polo-shirts-de","8":"first","9":"instock","10":"taxable","11":"shipping-taxable","12":"product-type-simple"},"jetpack_sharing_enabled":true,"_links":{"self":[{"href":"https:\/\/franzderkaiser.com\/de\/wp-json\/wp\/v2\/product\/4287","targetHints":{"allow":["GET"]}}],"collection":[{"href":"https:\/\/franzderkaiser.com\/de\/wp-json\/wp\/v2\/product"}],"about":[{"href":"https:\/\/franzderkaiser.com\/de\/wp-json\/wp\/v2\/types\/product"}],"replies":[{"embeddable":true,"href":"https:\/\/franzderkaiser.com\/de\/wp-json\/wp\/v2\/comments?post=4287"}],"wp:featuredmedia":[{"embeddable":true,"href":"https:\/\/franzderkaiser.com\/de\/wp-json\/wp\/v2\/media\/5095"}],"wp:attachment":[{"href":"https:\/\/franzderkaiser.com\/de\/wp-json\/wp\/v2\/media?parent=4287"}],"wp:term":[{"taxonomy":"product_brand","embeddable":true,"href":"https:\/\/franzderkaiser.com\/de\/wp-json\/wp\/v2\/product_brand?post=4287"},{"taxonomy":"product_cat","embeddable":true,"href":"https:\/\/franzderkaiser.com\/de\/wp-json\/wp\/v2\/product_cat?post=4287"},{"taxonomy":"product_tag","embeddable":true,"href":"https:\/\/franzderkaiser.com\/de\/wp-json\/wp\/v2\/product_tag?post=4287"}],"curies":[{"name":"wp","href":"https:\/\/api.w.org\/{rel}","templated":true}]}}